{"id":456,"date":"2018-09-22T17:09:37","date_gmt":"2018-09-22T16:09:37","guid":{"rendered":"http:\/\/bvi-varionet.com\/?page_id=456"},"modified":"2018-09-22T17:16:38","modified_gmt":"2018-09-22T16:16:38","slug":"faq","status":"publish","type":"page","link":"https:\/\/bvi-varionet.com\/fr\/faq\/","title":{"rendered":"FAQ"},"content":{"rendered":"<p>[et_pb_section fb_built=&#8221;1&#8243; _builder_version=&#8221;3.15&#8243;][et_pb_row make_equal=&#8221;on&#8221; _builder_version=&#8221;3.15&#8243;][et_pb_column type=&#8221;4_4&#8243; _builder_version=&#8221;3.15&#8243; parallax=&#8221;off&#8221; parallax_method=&#8221;on&#8221;][et_pb_text _builder_version=&#8221;3.15&#8243; text_font=&#8221;||||||||&#8221;]<\/p>\n<ol>\n<li style=\"text-align: justify;\"><a href=\"#Q1\">Qu\u2019est-ce que la presbytie\u00a0?<\/a><\/li>\n<li style=\"text-align: justify;\"><a href=\"#Q2\">Quand devient-on presbyte\u00a0?<\/a><\/li>\n<li style=\"text-align: justify;\"><a href=\"#Q3\">Quels sont les signes de la presbytie\u00a0?<\/a><\/li>\n<li style=\"text-align: justify;\"><a href=\"#Q4\">Une mauvaise correction de loin peut-elle faire croire \u00e0 un d\u00e9but de presbytie<\/a><\/li>\n<li style=\"text-align: justify;\"><a href=\"#Q5\">Pourquoi les presbytes ont-ils besoin de plus de lumi\u00e8re pour lire le soir ?<\/a><\/li>\n<li style=\"text-align: justify;\"><a href=\"#Q6\">Tout le monde devient-il presbyte ?<\/a><\/li>\n<li style=\"text-align: justify;\"><a href=\"#Q7\">Devient-on tous presbytes au m\u00eame \u00e2ge ?<\/a><\/li>\n<li style=\"text-align: justify;\"><a href=\"#Q8\">Comment \u00e9volue la presbytie ?<\/a><\/li>\n<li style=\"text-align: justify;\"><a href=\"#Q9\">Qu\u2019est-ce que l\u2019accommodation ?<\/a><\/li>\n<li style=\"text-align: justify;\"><a href=\"#Q10\">Comment se corrige la presbytie ?<\/a><\/li>\n<li style=\"text-align: justify;\"><a href=\"#Q11\">Dois-je corriger ma presbytie ou est-il possible d\u2019attendre ?<\/a><\/li>\n<li style=\"text-align: justify;\"><a href=\"#Q12\">La presbytie peut-elle augmenter un d\u00e9faut de convergence ?<\/a><\/li>\n<li style=\"text-align: justify;\"><a href=\"#Q13\">Si mes yeux ne regardent pas dans la m\u00eame direction, serai-je g\u00ean\u00e9 pour voir de pr\u00e8s ?<\/a><\/li>\n<li style=\"text-align: justify;\"><a href=\"#Q14\">Une r\u00e9\u00e9ducation orthoptique peut-elle retarder ou am\u00e9liorer la presbytie ?<\/a><\/li>\n<li style=\"text-align: justify;\"><a href=\"#Q15\">Quelle est la distance de lecture id\u00e9ale ?<\/a><\/li>\n<li style=\"text-align: justify;\"><a href=\"#Q16\">Comment la presbytie se corrige-t-elle ?<\/a><\/li>\n<li style=\"text-align: justify;\"><a href=\"#Q17\">Quels verres pour corriger la presbytie ?<\/a><\/li>\n<li style=\"text-align: justify;\"><a href=\"#Q18\">A quel rythme dois-je changer mes verres de presbytie ?<\/a><\/li>\n<li style=\"text-align: justify;\"><a href=\"#Q19\">Existe-t-il un moyen de pr\u00e9venir la presbytie ?<\/a><\/li>\n<li style=\"text-align: justify;\"><a href=\"#Q20\">La presbytie est-elle une pathologie ?<\/a><\/li>\n<li style=\"text-align: justify;\"><a href=\"#Q21\">Comment choisir la correction de mes lunettes presbyte ?<\/a><\/li>\n<li style=\"text-align: justify;\"><a href=\"#Q22\">Que faire si on a l\u2019impression de moins bien voir ?<\/a><\/li>\n<li style=\"text-align: justify;\"><a href=\"#Q23\">Est-t-il possible de stopper la presbytie ?<\/a><\/li>\n<li style=\"text-align: justify;\"><a href=\"#Q24\">Quels sont les risques encourus en cas de presbytie non ou mal corrig\u00e9e pour le travail sur \u00e9cran ?<\/a><\/li>\n<li style=\"text-align: justify;\"><a href=\"#Q25\">Les personnes qui lisent beaucoup ou qui travaillent souvent sur \u00e9cran sont-elles plus touch\u00e9es par la presbytie ?<\/a><\/li>\n<\/ol>\n<ul style=\"text-align: justify;\"><\/ul>\n<p style=\"text-align: justify;\">\n<p style=\"text-align: justify;\">\n<div id=\"Q1\" style=\"text-align: justify;\"><span><strong>1\/ Qu\u2019est-ce que la presbytie\u00a0?<\/strong><\/span><\/div>\n<p style=\"text-align: justify;\">\n<p style=\"text-align: justify;\">La presbytie est le fait de ne plus bien voir de pr\u00e8s, les objets proches deviennent flous. Elle est li\u00e9e \u00e0 une diminution du pouvoir accommodateur de l\u2019\u0153il. La presbytie est le fait, pour quelqu\u2019un qui est corrig\u00e9 pour la vision de loin, d\u2019\u00e9prouver une g\u00eane en vision de pr\u00e8s : elle est li\u00e9e \u00e0 une diminution normale, avec le temps, du pouvoir accommodatif de l\u2019\u0153il.<\/p>\n<p style=\"text-align: justify;\">\n<div id=\"Q2\" style=\"text-align: justify;\"><span><strong>2\/ Quand devient-on presbyte?<\/strong><\/span><\/div>\n<p style=\"text-align: justify;\">\n<p style=\"text-align: justify;\">On devient presbyte g\u00e9n\u00e9ralement vers 40-45 ans suivant les patients.<\/p>\n<p style=\"text-align: justify;\">\n<div id=\"Q3\" style=\"text-align: justify;\"><span><strong>3\/ Quels sont les signes de la presbytie\u00a0?<\/strong><\/span><\/div>\n<p style=\"text-align: justify;\">\n<p style=\"text-align: justify;\">La presbytie perturbe la vision de pr\u00e8s. Les premiers signes que l\u2019on rel\u00e8ve sont\u00a0:<br \/> Vous \u00e9loignez de plus en plus votre journal, vos documents pour lire<br \/> Vous avez de plus en plus de difficult\u00e9s \u00e0 suivre les lignes lorsque vous \u00e9crivez<br \/> Vous avez l\u2019impression de manquer de lumi\u00e8re et des t\u00e2ches simples de votre quotidien (se maquiller, cuisiner, bricoler, effectuer des travaux de pr\u00e9cision\u2026) deviennent compliqu\u00e9es\u00a0!<br \/> Vous avez du mal \u00e0 fixer votre attention lors de la lecture\u00a0; vous pouvez m\u00eame abandonner un livre ou vous endormir.<\/p>\n<p style=\"text-align: justify;\">\n<div id=\"Q4\" style=\"text-align: justify;\"><span><strong>4\/ Une mauvaise correction de loin peut-elle faire croire \u00e0 un d\u00e9but de presbytie\u00a0?<\/strong><\/span><\/div>\n<p style=\"text-align: justify;\">\n<p style=\"text-align: justify;\">Oui, en effet un myope trop corrig\u00e9 enl\u00e8vera ses lunettes pour lire et au contraire un hyperm\u00e9trope sous corrig\u00e9 lira difficilement m\u00eame avec ses lunettes.<\/p>\n<p style=\"text-align: justify;\">\n<div id=\"Q5\" style=\"text-align: justify;\"><span><strong>5\/ Pourquoi les presbytes ont-ils besoin de plus de lumi\u00e8re pour lire le soir\u00a0?<\/strong><\/span><\/div>\n<p style=\"text-align: justify;\"><span>Un faible \u00e9clairage diminue le contraste de votre texte\u00a0; ceci provoque une sollicitation accrue de votre accommodation. De plus, le r\u00e9tr\u00e9cissement de la pupille li\u00e9 \u00e0 l\u2019accommodation diminue la quantit\u00e9 de lumi\u00e8re impr\u00e9gnant la r\u00e9tine.<\/span><\/p>\n<p style=\"text-align: justify;\">\n<p style=\"text-align: justify;\">\n<div id=\"Q6\" style=\"text-align: justify;\"><span><strong>6\/ Tout le monde devient-il presbyte\u00a0?<\/strong><\/span><\/div>\n<p style=\"text-align: justify;\"><span>Oui. Que l\u2019on ait un d\u00e9faut visuel (myopie, astigmatisme\u2026) ou pas, la presbytie est une \u00e9volution in\u00e9luctable\u00a0; il s\u2019agit d\u2019un ph\u00e9nom\u00e8ne normal et naturel.<\/span><\/p>\n<p style=\"text-align: justify;\">\n<p style=\"text-align: justify;\">\n<div id=\"Q7\" style=\"text-align: justify;\"><span><strong>7\/ Devient-on tous presbytes au m\u00eame \u00e2ge\u00a0?<\/strong><\/span><\/div>\n<p style=\"text-align: justify;\"><span>Non. Un hyperm\u00e9trope s\u2019en plaindra plus t\u00f4t, surtout si sa correction est importante\u00a0; vers 40 ans.<\/span><br \/> <span>L\u2019emm\u00e9trope (personne qui n\u2019a pas de d\u00e9fauts visuels) s\u2019en plaindra vers 42-44 ans. Et le myope parfois apr\u00e8s 45 ans\u00a0!<\/span><\/p>\n<p style=\"text-align: justify;\">\n<p style=\"text-align: justify;\">\n<div id=\"Q8\" style=\"text-align: justify;\"><span><strong>8\/ Comment \u00e9volue la presbytie\u00a0?<\/strong><\/span><\/div>\n<p style=\"text-align: justify;\"><span>La presbytie \u00e9volue avec la capacit\u00e9 d\u2019accommodation de l\u2019\u0153il, il s\u2019agit pour l\u2019\u0153il de faire varier sa puissance pour obtenir une vision nette \u00e0 la distance souhait\u00e9e. Le pouvoir accommodatif de l\u2019\u0153il \u00e9volue depuis l\u2019enfance pour arriver \u00e0 son maximum vers 20 ans. Il diminue ensuite. A 45 ans l\u2019accommodation est faible et la lecture devient difficile. La chute de l\u2019accommodation se poursuit assez rapidement jusqu\u2019\u00e0 55 ans et est moins prononc\u00e9e ensuite. Apr\u00e8s 60 ans la valeur de la presbytie se stabilise pour ne plus varier apr\u00e8s 70 ans.<\/span><\/p>\n<p style=\"text-align: justify;\">\n<p style=\"text-align: justify;\">\n<div id=\"Q9\" style=\"text-align: justify;\"><span><strong>9\/ Qu\u2019est-ce que l\u2019accommodation\u00a0?<\/strong><\/span><\/div>\n<p style=\"text-align: justify;\"><span>L\u2019accommodation est une modification involontaire de la puissance ce l\u2019\u0153il\u00a0; elle permet de voir nets des objets situ\u00e9s \u00e0 une distance pr\u00e9cise. Cette modification de l\u2019\u0153il se fait par un changement de forme du cristallin. C\u2019est ce que l\u2019on compare au syst\u00e8me autofocus de l\u2019appareil photo.<\/span><\/p>\n<p style=\"text-align: justify;\">\n<p style=\"text-align: justify;\">\n<div id=\"Q10\" style=\"text-align: justify;\"><span><strong>10\/ Comment se corrige la presbytie\u00a0?<\/strong><\/span><\/div>\n<p style=\"text-align: justify;\"><span>La presbytie peut \u00eatre corrig\u00e9e par\u00a0:<\/span><br \/> <span>-des lunettes de vision de pr\u00e8s, des lunettes de proximit\u00e9, des lunettes progressives ou \u00e0 double foyer<\/span><br \/> <span>-des lentilles de contact progressives<\/span><br \/> <span>-la chirurgie r\u00e9fractive<\/span><\/p>\n<p style=\"text-align: justify;\">\n<p style=\"text-align: justify;\">\n<div id=\"Q11\" style=\"text-align: justify;\"><span><strong>11\/ Dois-je corriger ma presbytie ou est-il possible d\u2019attendre?<\/strong><\/span><\/div>\n<p style=\"text-align: justify;\"><span>Cette question est tr\u00e8s fr\u00e9quemment pos\u00e9e surtout par les emm\u00e9tropes (les non-porteurs de lunettes) qui par coquetterie ne souhaitent pas porter de lunettes. La vue comme les autres sens \u00e9volue au cours de notre vie et ne pas porter de lunettes c\u2019est \u00ab\u00a0user\u00a0\u00bb le pouvoir accommodatif de l\u2019\u0153il. Donc pas forc\u00e9ment n\u00e9cessaire\u2026 Retarder le port d\u2019une compensation ne ralentira pas l\u2019\u00e9volution de la presbytie ; mieux vaut retrouver un confort visuel optimal, d\u2019autant plus que l\u2019adaptation aux verres progressifs, d\u00e9gressifs rencontre plus de succ\u00e8s chez les jeunes presbytes.<\/span><\/p>\n<p style=\"text-align: justify;\">\n<p style=\"text-align: justify;\">\n<div id=\"Q12\" style=\"text-align: justify;\"><span><strong>12\/ La presbytie peut-elle augmenter un d\u00e9faut de convergence\u00a0?<\/strong><\/span><\/div>\n<p style=\"text-align: justify;\"><span>La presbytie est li\u00e9e \u00e0 une insuffisance accommodative\u00a0; la convergence \u00e9tant \u00e9troitement li\u00e9e \u00e0 l\u2019accommodation l\u2019apparition de la presbytie peut soulager un exc\u00e8s de convergence (\u00e9sophorie) ou amplifier un d\u00e9faut de convergence (exophorie).<\/span><\/p>\n<p style=\"text-align: justify;\">\n<p style=\"text-align: justify;\">\n<div id=\"Q13\" style=\"text-align: justify;\"><span><strong>13\/ Si mes yeux ne regardent pas dans la m\u00eame direction, serai-je g\u00ean\u00e9 pour voir de pr\u00e8s\u00a0?<\/strong><\/span><\/div>\n<p style=\"text-align: justify;\"><span>Oui, s\u2019il s\u2019agit d\u2019un manque de convergence. Dans ce cas, votre ophtalmologue vous orientera vers un orthoptiste pour un bilan et une r\u00e9\u00e9ducation. S\u2019il s\u2019agit d\u2019un strabisme, non\u00a0: votre cerveau habitu\u00e9 neutralise une des images.<\/span><\/p>\n<p style=\"text-align: justify;\">\n<p style=\"text-align: justify;\">\n<div id=\"Q14\" style=\"text-align: justify;\"><span><strong>14\/ Une r\u00e9\u00e9ducation orthoptique peut-elle retarder ou am\u00e9liorer la presbytie\u00a0?<\/strong><\/span><\/div>\n<p style=\"text-align: justify;\"><span>Non, une r\u00e9\u00e9ducation orthoptique ne permet pas de r\u00e9duire ou retarder ce d\u00e9faut visuel.<\/span><\/p>\n<p style=\"text-align: justify;\">\n<p style=\"text-align: justify;\">\n<div id=\"Q15\" style=\"text-align: justify;\"><span><strong>15\/ Quelle est la distance de lecture id\u00e9ale\u00a0?<\/strong><\/span><\/div>\n<p style=\"text-align: justify;\"><span>La distance de vision de pr\u00e8s est la distance de Harmon\u00a0; elle correspond \u00e0 la distance qui va du coude au poing repli\u00e9. Elle est en moyenne de 37 cm et est la distance la plus confortable pour un travail de pr\u00e8s. Les examens visuels de vison de pr\u00e8s sont g\u00e9n\u00e9ralement pratiqu\u00e9s \u00e0 cette distance.<\/span><\/p>\n<p style=\"text-align: justify;\">\n<p style=\"text-align: justify;\">\n<div id=\"Q16\" style=\"text-align: justify;\"><span><strong>16\/ Comment la presbytie se corrige-t-elle\u00a0?<\/strong><\/span><\/div>\n<p style=\"text-align: justify;\"><span>La presbytie se corrige \u00e0 l\u2019aide de verres convexes depuis le moyen \u00e2ge. Il s\u2019agit d\u2019un verre convergent qui va \u00ab\u00a0faire\u00a0le travail\u00a0\u00bb du cristallin et ramener l\u2019image sur la r\u00e9tine.<\/span><\/p>\n<p style=\"text-align: justify;\">\n<p style=\"text-align: justify;\">\n<div id=\"Q17\" style=\"text-align: justify;\"><span><strong>17\/ Quels verres pour corriger la presbytie\u00a0?<\/strong><\/span><\/div>\n<p style=\"text-align: justify;\"><span>Il existe diff\u00e9rents types de verres pour corriger la presbytie\u00a0:<\/span><br \/> <span>Verres \u00e0 simple foyer ou verres unifocaux<\/span><br \/> <span>Verres de proximit\u00e9<\/span><br \/> <span>Verres \u00e0 double ou triple foyers<\/span><br \/> <span>Verres progressifs<\/span><\/p>\n<p style=\"text-align: justify;\">\n<p style=\"text-align: justify;\">\n<div id=\"Q18\" style=\"text-align: justify;\"><span><strong>18\/ A quel rythme dois-je changer mes verres de presbytie\u00a0?<\/strong><\/span><\/div>\n<p style=\"text-align: justify;\"><span>En moyenne, il faut changer ses lunettes de presbyte tous les 18 mois jusqu\u2019\u00e0 55 ans puis tous les 2 \u00e0 3 ans ensuite. Il est parfois n\u00e9cessaire de les renouveler non pas \u00e0 cause de l\u2019\u00e9volution de la presbytie mais \u00e0 cause d\u2019une modification de correction de la vision de loin.<\/span><\/p>\n<p style=\"text-align: justify;\">\n<p style=\"text-align: justify;\">\n<div id=\"Q19\" style=\"text-align: justify;\"><span><strong>19\/ Existe-t-il un moyen de pr\u00e9venir la presbytie\u00a0?<\/strong><\/span><\/div>\n<p style=\"text-align: justify;\"><span>Non, aucune pr\u00e9vention n\u2019existe\u00a0; la presbytie \u00e9tant un ph\u00e9nom\u00e8ne normal. Aucune r\u00e9\u00e9ducation, gymnastique visuelle, aucuns compl\u00e9ments alimentaires ne permettent de pr\u00e9venir cette \u00e9volution.<\/span><\/p>\n<p style=\"text-align: justify;\">\n<p style=\"text-align: justify;\">\n<div id=\"Q20\" style=\"text-align: justify;\"><span><strong>20\/ La presbytie est-elle une pathologie\u00a0?<\/strong><\/span><\/div>\n<p style=\"text-align: justify;\"><span>Non, ce n\u2019est pas une pathologie mais un \u00e9tat physiologique qui se corrige parfaitement et n\u2019affectent pas l\u2019autonomie des individus. On compte approximativement 24 millions de presbytes en France.<\/span><\/p>\n<p style=\"text-align: justify;\">\n<p style=\"text-align: justify;\">\n<div id=\"Q21\" style=\"text-align: justify;\"><span><strong>21\/ Comment choisir la correction de mes lunettes presbyte\u00a0?<\/strong><\/span><\/div>\n<p style=\"text-align: justify;\"><span>Plusieurs solutions s\u2019offrent \u00e0 vous\u00a0:<\/span><br \/> <span>Vous avez une ordonnance, la correction est celle de vision de pr\u00e8s.<\/span><br \/> <span>Vous pouvez imprimer notre test de presbytie ou le faire directement \u00e0 l\u2019\u00e9cran.<\/span><br \/> <span>Vous avez des demi-lunes ou des loupes de d\u00e9pannage\u00a0: la correction est not\u00e9e \u00e0 l\u2019int\u00e9rieur (ex\u00a0: +1.00, +2.50\u2026)<\/span><br \/> <span>Dans tous les cas, pour plus de renseignements nos opticiens dipl\u00f4m\u00e9s sont \u00e0 votre disposition par mail \u00e0\u00a0<\/span><span><a href=\"mailto:opticien.conseil@varionet.fr\" title=\"e-mail de l'opticien de Varionet\">contact@bvi-varionet.com<\/a><\/span><span>\u00a0ou au 07.77.46.56.62.<\/span><\/p>\n<p style=\"text-align: justify;\">\n<p style=\"text-align: justify;\">\n<div id=\"Q22\" style=\"text-align: justify;\"><span><strong>22\/ Que faire si on a l\u2019impression de moins bien voir\u00a0?<\/strong><\/span><\/div>\n<p style=\"text-align: justify;\"><span>Dans ce cas, la premi\u00e8re chose \u00e0 faire est de consulter un m\u00e9decin ophtalmologiste qui vous prescrira suivant vos besoins et corrections visuelles des lunettes de lecture, des lunettes de proximit\u00e9 ou des lunettes progressives.<\/span><\/p>\n<p style=\"text-align: justify;\">\n<p style=\"text-align: justify;\">\n<div id=\"Q23\" style=\"text-align: justify;\"><span><strong>23\/ Est-t-il possible de stopper la presbytie\u00a0?<\/strong><\/span><\/div>\n<p style=\"text-align: justify;\"><span>Non, ceci est impossible\u00a0; la presbytie \u00e9tant due une \u00e9volution naturelle et normale du cristallin.<\/span><\/p>\n<p style=\"text-align: justify;\">\n<p style=\"text-align: justify;\">\n<div id=\"Q24\" style=\"text-align: justify;\"><span><strong>24\/ Quels sont les risques encourus en cas de presbytie non ou mal corrig\u00e9e pour le travail sur \u00e9cran\u00a0?<\/strong><\/span><\/div>\n<p style=\"text-align: justify;\"><span>Le principal risque est la fatigue visuelle et tous ses effets secondaires. Votre vision sera difficile et p\u00e9nible, la concentration ardue, vous pouvez ressentir des picotements et lourdeurs oculaires puis des maux de t\u00eate. Enfin, en essayant d\u2019avoir une vision nette, vous adopterez une posture de \u00ab\u00a0tortue\u00a0\u00bb avec le cou en avant c\u2019est ainsi que les maux de cervicales, \u00e9paules et dos apparaissent. Ne pas bien corriger sa presbytie a non seulement une incidence sur le confort visuel mais aussi sur le corps.<\/span><\/p>\n<p style=\"text-align: justify;\">\n<p style=\"text-align: justify;\">\n<div id=\"Q25\" style=\"text-align: justify;\"><span><strong>25\/ Les personnes qui lisent beaucoup ou qui travaillent souvent sur \u00e9cran sont-elles plus touch\u00e9es par la presbytie\u00a0?<\/strong><\/span><\/div>\n<p style=\"text-align: justify;\"><span>Non, la presbytie touche plus ou moins tard toute la population. Les personnes sollicitant davantage leur vision de pr\u00e8s (lecture, \u00e9criture, travaux de pr\u00e9cision\u2026) peuvent ressentir plus rapidement les g\u00e8nes de la presbytie.<\/span><\/p>\n<p>[\/et_pb_text][\/et_pb_column][\/et_pb_row][\/et_pb_section]<\/p>","protected":false},"excerpt":{"rendered":"<p>Qu\u2019est-ce que la presbytie\u00a0? Quand devient-on presbyte\u00a0? Quels sont les signes de la presbytie\u00a0? Une mauvaise correction de loin peut-elle faire croire \u00e0 un d\u00e9but de presbytie Pourquoi les presbytes ont-ils besoin de plus de lumi\u00e8re pour lire le soir ? Tout le monde devient-il presbyte ? Devient-on tous presbytes au m\u00eame \u00e2ge ? Comment [&hellip;]<\/p>","protected":false},"author":1,"featured_media":0,"parent":0,"menu_order":0,"comment_status":"closed","ping_status":"closed","template":"","meta":{"_et_pb_use_builder":"on","_et_pb_old_content":"","_et_gb_content_width":"","footnotes":""},"class_list":["post-456","page","type-page","status-publish","hentry"],"_links":{"self":[{"href":"https:\/\/bvi-varionet.com\/fr\/wp-json\/wp\/v2\/pages\/456","targetHints":{"allow":["GET"]}}],"collection":[{"href":"https:\/\/bvi-varionet.com\/fr\/wp-json\/wp\/v2\/pages"}],"about":[{"href":"https:\/\/bvi-varionet.com\/fr\/wp-json\/wp\/v2\/types\/page"}],"author":[{"embeddable":true,"href":"https:\/\/bvi-varionet.com\/fr\/wp-json\/wp\/v2\/users\/1"}],"replies":[{"embeddable":true,"href":"https:\/\/bvi-varionet.com\/fr\/wp-json\/wp\/v2\/comments?post=456"}],"version-history":[{"count":6,"href":"https:\/\/bvi-varionet.com\/fr\/wp-json\/wp\/v2\/pages\/456\/revisions"}],"predecessor-version":[{"id":466,"href":"https:\/\/bvi-varionet.com\/fr\/wp-json\/wp\/v2\/pages\/456\/revisions\/466"}],"wp:attachment":[{"href":"https:\/\/bvi-varionet.com\/fr\/wp-json\/wp\/v2\/media?parent=456"}],"curies":[{"name":"wp","href":"https:\/\/api.w.org\/{rel}","templated":true}]}}