{"id":425,"date":"2018-09-22T15:50:11","date_gmt":"2018-09-22T14:50:11","guid":{"rendered":"http:\/\/bvi-varionet.com\/?page_id=425"},"modified":"2025-12-30T10:43:05","modified_gmt":"2025-12-30T09:43:05","slug":"lunettes-anti-lumiere-bleue-cool-blue","status":"publish","type":"page","link":"https:\/\/bvi-varionet.com\/fr\/lunettes-anti-lumiere-bleue-cool-blue\/","title":{"rendered":"LUNETTES ANTI LUMI\u00c8RE BLEUE"},"content":{"rendered":"<p>[et_pb_section fb_built=&#8221;1&#8243; fullwidth=&#8221;on&#8221; _builder_version=&#8221;4.16&#8243; custom_padding=&#8221;0px|0px|0|0px|false|false&#8221; global_colors_info=&#8221;{}&#8221;][et_pb_fullwidth_header text_orientation=&#8221;center&#8221; header_fullscreen=&#8221;on&#8221; header_scroll_down=&#8221;on&#8221; scroll_down_icon=&#8221;%%3%%&#8221; scroll_down_icon_color=&#8221;#ffffff&#8221; scroll_down_icon_size=&#8221;40px&#8221; background_overlay_color=&#8221;rgba(0,0,0,0)&#8221; logo_image_url=&#8221;https:\/\/bvi-varionet.com\/wp-content\/uploads\/2019\/06\/LOGO-RELAX-1.png&#8221; _builder_version=&#8221;4.16&#8243; title_font=&#8221;||||||||&#8221; title_text_align=&#8221;center&#8221; content_font=&#8221;||||||||&#8221; subhead_font=&#8221;|700|||||||&#8221; subhead_text_align=&#8221;center&#8221; subhead_text_color=&#8221;#ffffff&#8221; subhead_font_size=&#8221;29px&#8221; background_color=&#8221;#ffffff&#8221; use_background_color_gradient=&#8221;on&#8221; background_color_gradient_direction=&#8221;90deg&#8221; background_color_gradient_stops=&#8221;#0c71c3 0%|#44c0e2 100%&#8221; background_color_gradient_start=&#8221;#0c71c3&#8243; background_color_gradient_end=&#8221;#44c0e2&#8243; background_image=&#8221;https:\/\/bvi-varionet.com\/wp-content\/uploads\/2019\/06\/relax-2-1.jpg&#8221; parallax=&#8221;on&#8221; parallax_method=&#8221;on&#8221; custom_button_one=&#8221;on&#8221; button_one_text_size=&#8221;20px&#8221; button_one_bg_use_color_gradient=&#8221;on&#8221; button_one_bg_color_gradient_direction=&#8221;90deg&#8221; button_one_bg_color_gradient_stops=&#8221;#0c71c3 0%|#6aa5d8 100%&#8221; button_one_bg_color_gradient_start=&#8221;#0c71c3&#8243; button_one_bg_color_gradient_end=&#8221;#6aa5d8&#8243; button_one_border_width=&#8221;1px&#8221; button_one_border_color=&#8221;#007be8&#8243; button_one_border_radius=&#8221;0px&#8221; button_one_letter_spacing=&#8221;1px&#8221; button_one_font=&#8221;|600|||||||&#8221; button_one_icon=&#8221;&#x45;||divi||400&#8243; title_text_shadow_style=&#8221;preset1&#8243; content_text_shadow_style=&#8221;preset1&#8243; subhead_text_shadow_style=&#8221;preset1&#8243; button_one_text_shadow_style=&#8221;preset3&#8243; text_shadow_style=&#8221;preset2&#8243; button_one_text_color_hover=&#8221;#0c71c3&#8243; button_one_border_color_hover=&#8221;#0c71c3&#8243; button_one_border_radius_hover=&#8221;10px&#8221; button_one_bg_color_hover=&#8221;#ffffff&#8221; global_colors_info=&#8221;{}&#8221; button_one_text_size__hover_enabled=&#8221;off&#8221; button_two_text_size__hover_enabled=&#8221;off&#8221; button_one_text_color__hover_enabled=&#8221;on&#8221; button_one_text_color__hover=&#8221;#0c71c3&#8243; button_two_text_color__hover_enabled=&#8221;off&#8221; button_one_border_width__hover_enabled=&#8221;off&#8221; button_two_border_width__hover_enabled=&#8221;off&#8221; button_one_border_color__hover_enabled=&#8221;on&#8221; button_one_border_color__hover=&#8221;#0c71c3&#8243; button_two_border_color__hover_enabled=&#8221;off&#8221; button_one_border_radius__hover_enabled=&#8221;on&#8221; button_one_border_radius__hover=&#8221;10px&#8221; button_two_border_radius__hover_enabled=&#8221;off&#8221; button_one_letter_spacing__hover_enabled=&#8221;off&#8221; button_two_letter_spacing__hover_enabled=&#8221;off&#8221; button_one_bg_color__hover_enabled=&#8221;on&#8221; button_one_bg_color__hover=&#8221;#ffffff&#8221; button_two_bg_color__hover_enabled=&#8221;off&#8221;]<\/p>\n<p><strong><\/strong><\/p>\n<p class=\"translation-block\">Protection pour tous les \u00e9crans<strong> anti lumi\u00e8re bleue !<\/strong><\/p>\n<p>[\/et_pb_fullwidth_header][\/et_pb_section][et_pb_section fb_built=&#8221;1&#8243; specialty=&#8221;on&#8221; _builder_version=&#8221;4.16&#8243; background_color=&#8221;rgba(0,0,0,0.04)&#8221; background_color_gradient_direction=&#8221;90deg&#8221; global_colors_info=&#8221;{}&#8221;][et_pb_column type=&#8221;1_2&#8243; _builder_version=&#8221;4.16&#8243; custom_padding=&#8221;|||&#8221; global_colors_info=&#8221;{}&#8221; custom_padding__hover=&#8221;|||&#8221;][et_pb_slider show_image_video_mobile=&#8221;on&#8221; _builder_version=&#8221;4.16&#8243; header_font=&#8221;|600||on|||||&#8221; header_text_align=&#8221;center&#8221; header_text_color=&#8221;#595959&#8243; body_font=&#8221;||||||||&#8221; body_text_color=&#8221;#0c71c3&#8243; min_height=&#8221;59px&#8221; custom_margin=&#8221;0%||0%|&#8221; box_shadow_style=&#8221;preset1&#8243; global_colors_info=&#8221;{}&#8221; button_text_size__hover_enabled=&#8221;off&#8221; button_one_text_size__hover_enabled=&#8221;off&#8221; button_two_text_size__hover_enabled=&#8221;off&#8221; button_text_color__hover_enabled=&#8221;off&#8221; button_one_text_color__hover_enabled=&#8221;off&#8221; button_two_text_color__hover_enabled=&#8221;off&#8221; button_border_width__hover_enabled=&#8221;off&#8221; button_one_border_width__hover_enabled=&#8221;off&#8221; button_two_border_width__hover_enabled=&#8221;off&#8221; button_border_color__hover_enabled=&#8221;off&#8221; button_one_border_color__hover_enabled=&#8221;off&#8221; button_two_border_color__hover_enabled=&#8221;off&#8221; button_border_radius__hover_enabled=&#8221;off&#8221; button_one_border_radius__hover_enabled=&#8221;off&#8221; button_two_border_radius__hover_enabled=&#8221;off&#8221; button_letter_spacing__hover_enabled=&#8221;off&#8221; button_one_letter_spacing__hover_enabled=&#8221;off&#8221; button_two_letter_spacing__hover_enabled=&#8221;off&#8221; button_bg_color__hover_enabled=&#8221;off&#8221; button_one_bg_color__hover_enabled=&#8221;off&#8221; button_two_bg_color__hover_enabled=&#8221;off&#8221;][et_pb_slide heading=&#8221;VARIONET COOL BLUE GLASSES ANTI-BLUE LIGHT&#8221; image=&#8221;https:\/\/bvi-varionet.com\/wp-content\/uploads\/2018\/09\/COOLBLUE-RELAX-BLEUE_02.png&#8221; _builder_version=&#8221;4.16&#8243; background_color=&#8221;#ffffff&#8221; background_layout=&#8221;light&#8221; text_shadow_style=&#8221;preset1&#8243; global_colors_info=&#8221;{}&#8221; button_text_size__hover_enabled=&#8221;off&#8221; button_one_text_size__hover_enabled=&#8221;off&#8221; button_two_text_size__hover_enabled=&#8221;off&#8221; button_text_color__hover_enabled=&#8221;off&#8221; button_one_text_color__hover_enabled=&#8221;off&#8221; button_two_text_color__hover_enabled=&#8221;off&#8221; button_border_width__hover_enabled=&#8221;off&#8221; button_one_border_width__hover_enabled=&#8221;off&#8221; button_two_border_width__hover_enabled=&#8221;off&#8221; button_border_color__hover_enabled=&#8221;off&#8221; button_one_border_color__hover_enabled=&#8221;off&#8221; button_two_border_color__hover_enabled=&#8221;off&#8221; button_border_radius__hover_enabled=&#8221;off&#8221; button_one_border_radius__hover_enabled=&#8221;off&#8221; button_two_border_radius__hover_enabled=&#8221;off&#8221; button_letter_spacing__hover_enabled=&#8221;off&#8221; button_one_letter_spacing__hover_enabled=&#8221;off&#8221; button_two_letter_spacing__hover_enabled=&#8221;off&#8221; button_bg_color__hover_enabled=&#8221;off&#8221; button_one_bg_color__hover_enabled=&#8221;off&#8221; button_two_bg_color__hover_enabled=&#8221;off&#8221; sticky_transition=&#8221;on&#8221;]<\/p>\n<p>Protection anti-lumi\u00e8re bleue pour tous les \u00e9crans!<\/p>\n<p>[\/et_pb_slide][\/et_pb_slider][et_pb_gallery gallery_ids=&#8221;2552&#8243; fullwidth=&#8221;on&#8221; _builder_version=&#8221;4.16&#8243; pagination_font=&#8221;||||||||&#8221; background_color=&#8221;#ffffff&#8221; min_height=&#8221;15px&#8221; custom_margin=&#8221;27px|||||&#8221; custom_padding=&#8221;21px||20px|||&#8221; box_shadow_style=&#8221;preset1&#8243; global_colors_info=&#8221;{}&#8221;][\/et_pb_gallery][et_pb_gallery gallery_ids=&#8221;2082&#8243; fullwidth=&#8221;on&#8221; _builder_version=&#8221;4.16&#8243; pagination_font=&#8221;||||||||&#8221; background_color=&#8221;#ffffff&#8221; min_height=&#8221;154px&#8221; custom_margin=&#8221;27px|||||&#8221; custom_padding=&#8221;0px|||||&#8221; box_shadow_style=&#8221;preset1&#8243; global_colors_info=&#8221;{}&#8221;][\/et_pb_gallery][et_pb_image src=&#8221;https:\/\/bvi-varionet.com\/wp-content\/uploads\/2019\/06\/100-100-innovation.jpg&#8221; _builder_version=&#8221;4.16&#8243; global_colors_info=&#8221;{}&#8221;][\/et_pb_image][\/et_pb_column][et_pb_column type=&#8221;1_2&#8243; specialty_columns=&#8221;2&#8243; _builder_version=&#8221;4.16&#8243; custom_padding=&#8221;|||&#8221; global_colors_info=&#8221;{}&#8221; custom_padding__hover=&#8221;|||&#8221;][et_pb_row_inner _builder_version=&#8221;4.16&#8243; global_colors_info=&#8221;{}&#8221;][et_pb_column_inner saved_specialty_column_type=&#8221;1_2&#8243; _builder_version=&#8221;4.16&#8243; custom_padding=&#8221;|||&#8221; global_colors_info=&#8221;{}&#8221; custom_padding__hover=&#8221;|||&#8221;][et_pb_text _builder_version=&#8221;4.16&#8243; global_colors_info=&#8221;{}&#8221;]<\/p>\n<h3>Protection anti-lumi\u00e8re bleue pour tous les \u00e9crans!<\/h3>\n<p>&nbsp;<\/p>\n<p class=\"translation-block\">Les <strong>lunettes Cool Blue<\/strong> sont les lunettes \u00e0 la mode, de la collection <strong>Varionet<\/strong>, qui prot\u00e8gent vos yeux de la lumi\u00e8re bleue, rayonnements nocifs \u00e0 moyen et long terme.<\/p>\n<p class=\"translation-block\">Avec une monture de 130 mm de large et des verres de 55 mm x 37 mm, la lunette <strong><span> <\/span>Cool Blue<\/strong><span> <\/span> procure un confort optimal ainsi qu'un design urbain convenant \u00e0 tous les \u00e2ges.<\/p>\n<p class=\"translation-block\">Les lunettes <strong><span> <\/span>Cool Blue<\/strong><span> <\/span> sont disponibles pour les 18-40 ans avec des verres Cool Blue \u2122 anti-reflets (<strong>anti-lumi\u00e8re bleue<\/strong>) ou pour les presbytes (plus de  40 ans) avec des corrections allant de +1.00 \u00e0 + 3.50.<\/p>\n<p class=\"translation-block\">Pour la presbytie, la Cool Blue offre des  <strong>verres multi-distances<\/strong>\u00a0pour une vision de qualit\u00e9 de 30cm \u00e0 1m :\u00a0\u00a0<strong>Id\u00e9ale<\/strong> pour l'utilisation sur ordinateurs, smartphones et tablettes entre autres.<\/p>\n<p><strong><\/strong><\/p>\n<p><strong>Caract\u00e9ristiques techniques de vos lunettes de s\u00e9curit\u00e9 Cool blue:<\/strong><\/p>\n<ul>\n<li style=\"text-align: justify;\">ANTI-LUMIERE BLEUE<\/li>\n<li style=\"text-align: justify;\">ANTI-FATIGUE<\/li>\n<li style=\"text-align: justify;\">ANTI-REFLET<\/li>\n<li style=\"text-align: justify;\">ANTI-CHOC<\/li>\n<\/ul>\n<p style=\"text-align: center;\"><strong><\/strong><\/p>\n<p style=\"text-align: center;\"><img loading=\"lazy\" decoding=\"async\" src=\"https:\/\/bvi-varionet.com\/wp-content\/uploads\/2019\/06\/France_29740-1.png\" alt=\"\" class=\"wp-image-1534 aligncenter size-full\" style=\"text-align: justify; display: block; margin-left: auto; margin-right: auto;\" width=\"73\" height=\"73\" srcset=\"https:\/\/bvi-varionet.com\/wp-content\/uploads\/2019\/06\/France_29740-1.png 512w, https:\/\/bvi-varionet.com\/wp-content\/uploads\/2019\/06\/France_29740-1-150x150.png 150w, https:\/\/bvi-varionet.com\/wp-content\/uploads\/2019\/06\/France_29740-1-300x300.png 300w\" sizes=\"(max-width: 73px) 100vw, 73px\" \/><strong style=\"font-size: 14px;\">FABRIQU\u00c9 EN FRANCE<\/strong><\/p>\n<p style=\"text-align: center;\"><strong style=\"font-size: 14px;\"><\/strong><\/p>\n<p style=\"text-align: center;\"><strong>Les lunettes Cool Blue filtrent la lumi\u00e8re n\u00e9faste des \u00e9crans !<\/strong><\/p>\n<p style=\"text-align: justify;\">[\/et_pb_text][et_pb_image src=&#8221;https:\/\/bvi-varionet.com\/wp-content\/uploads\/2019\/06\/Schema-CoolBlue.jpg&#8221; _builder_version=&#8221;4.16&#8243; min_height=&#8221;15px&#8221; custom_margin=&#8221;-40px|||||&#8221; custom_padding=&#8221;|0px|0px|0px||&#8221; global_colors_info=&#8221;{}&#8221;][\/et_pb_image][et_pb_text _builder_version=&#8221;4.16&#8243; custom_margin=&#8221;-11px|||||&#8221; custom_padding=&#8221;0px|||||&#8221; locked=&#8221;off&#8221; global_colors_info=&#8221;{}&#8221;]<\/p>\n<p><strong><span style=\"text-decoration: underline;\"><\/span><\/strong><\/p>\n<p><strong><span style=\"text-decoration: underline;\">Marquages \u200b\u200bsur les lentilles<\/span><\/strong><\/p>\n<p><strong>BVI:<\/strong> Best Vision International SARL<br \/> <strong>1 :<\/strong> Classe optique 1 usure prolong\u00e9e possible<br \/> <strong>S:<\/strong> Lunettes de s\u00e9curit\u00e9 conformes \u00e0 la norme EN166 S<br \/> <strong>CE:<\/strong> Conforme \u00e0 la l\u00e9gislation r\u00e9gissant la vente de<br \/> produits dans l'Espace \u00e9conomique europ\u00e9en<\/p>\n<p><span style=\"text-decoration: underline;\"><strong>Marquages \u200b\u200bsur les branches :<\/strong><\/span><\/p>\n<p><strong>BVI:<\/strong> Best Vision International SARL<br \/> <strong>EN166:<\/strong> Norme europ\u00e9enne pour la protection des yeux<br \/> <strong>S:<\/strong> Lunettes de s\u00e9curit\u00e9 conformes \u00e0 la norme EN166 S<br \/> <strong>CE:<\/strong> Conforme \u00e0 la l\u00e9gislation r\u00e9gissant la vente de<br \/> produits dans l'Espace \u00e9conomique europ\u00e9en<br \/> <strong>POIDS NET MOYEN:<\/strong> 26 gr<\/p>\n<p>[\/et_pb_text][\/et_pb_column_inner][\/et_pb_row_inner][\/et_pb_column][\/et_pb_section][et_pb_section fb_built=&#8221;1&#8243; _builder_version=&#8221;4.16&#8243; background_color=&#8221;#ffffff&#8221; global_colors_info=&#8221;{}&#8221;][et_pb_row _builder_version=&#8221;4.16&#8243; max_width=&#8221;1200px&#8221; hover_enabled=&#8221;0&#8243; use_custom_width=&#8221;on&#8221; custom_width_px=&#8221;1200px&#8221; global_colors_info=&#8221;{}&#8221; sticky_enabled=&#8221;0&#8243;][et_pb_column type=&#8221;4_4&#8243; _builder_version=&#8221;4.16&#8243; custom_padding=&#8221;|||&#8221; global_colors_info=&#8221;{}&#8221; custom_padding__hover=&#8221;|||&#8221;][et_pb_contact_form email=&#8221;contact@bvi-varionet.com&#8221; custom_message=&#8221;Nouveau message de %%Name%%||et_pb_line_break_holder||Entreprise : %%Company%%||et_pb_line_break_holder||Email : %%Email%%||et_pb_line_break_holder||Message : %%Message%%&#8221; success_message=&#8221;Congratulations, your message has been sent!&#8221; submit_button_text=&#8221;SEND&#8221; admin_label=&#8221;Contact form&#8221; module_id=&#8221;et_pb_contact_form_0&#8243; _builder_version=&#8221;4.27.4&#8243; _unique_id=&#8221;fb8602cd-c29c-4c87-bd0d-87031e7aa4c6&#8243; title_font=&#8221;|800||||on|||&#8221; title_text_align=&#8221;center&#8221; title_text_color=&#8221;RGBA(255,255,255,0)&#8221; form_field_font=&#8221;||||||||&#8221; button_border_color=&#8221;#FFFFFF&#8221; text_orientation=&#8221;left&#8221; link_option_url=&#8221;href=%22https:\/\/bvi-varionet.com\/product-stands\/%22&#8243; box_shadow_style_button=&#8221;preset2&#8243; box_shadow_spread_button=&#8221;-6px&#8221; text_shadow_style=&#8221;preset3&#8243; text_shadow_blur_strength=&#8221;0.05em&#8221; locked=&#8221;off&#8221; global_colors_info=&#8221;{}&#8221; global_module=&#8221;3596&#8243; theme_builder_area=&#8221;post_content&#8221; title=&#8221;Your ANTI-BLUE LIGHT glasses are waiting for you! Contact us for any information:&#8221; hover_enabled=&#8221;0&#8243; sticky_enabled=&#8221;0&#8243;][et_pb_contact_field field_id=&#8221;Name&#8221; field_title=&#8221;Name&#8221; _builder_version=&#8221;4.27.4&#8243; form_field_font=&#8221;||||||||&#8221; text_orientation=&#8221;left&#8221; link_option_url=&#8221;href=%22https:\/\/bvi-varionet.com\/product-stands\/%22&#8243; box_shadow_style=&#8221;preset6&#8243; box_shadow_blur=&#8221;5px&#8221; global_colors_info=&#8221;{}&#8221; button_text_size__hover_enabled=&#8221;off&#8221; button_one_text_size__hover_enabled=&#8221;off&#8221; button_two_text_size__hover_enabled=&#8221;off&#8221; button_text_color__hover_enabled=&#8221;off&#8221; button_one_text_color__hover_enabled=&#8221;off&#8221; button_two_text_color__hover_enabled=&#8221;off&#8221; button_border_width__hover_enabled=&#8221;off&#8221; button_one_border_width__hover_enabled=&#8221;off&#8221; button_two_border_width__hover_enabled=&#8221;off&#8221; button_border_color__hover_enabled=&#8221;off&#8221; button_one_border_color__hover_enabled=&#8221;off&#8221; button_two_border_color__hover_enabled=&#8221;off&#8221; button_border_radius__hover_enabled=&#8221;off&#8221; button_one_border_radius__hover_enabled=&#8221;off&#8221; button_two_border_radius__hover_enabled=&#8221;off&#8221; button_letter_spacing__hover_enabled=&#8221;off&#8221; button_one_letter_spacing__hover_enabled=&#8221;off&#8221; button_two_letter_spacing__hover_enabled=&#8221;off&#8221; button_bg_color__hover_enabled=&#8221;off&#8221; button_one_bg_color__hover_enabled=&#8221;off&#8221; button_two_bg_color__hover_enabled=&#8221;off&#8221; theme_builder_area=&#8221;post_content&#8221;][\/et_pb_contact_field][et_pb_contact_field field_id=&#8221;Email&#8221; field_title=&#8221;E-mail&#8221; field_type=&#8221;email&#8221; _builder_version=&#8221;4.27.4&#8243; link_option_url=&#8221;href=%22https:\/\/bvi-varionet.com\/product-stands\/%22&#8243; box_shadow_style=&#8221;preset6&#8243; box_shadow_blur=&#8221;5px&#8221; global_colors_info=&#8221;{}&#8221; button_text_size__hover_enabled=&#8221;off&#8221; button_one_text_size__hover_enabled=&#8221;off&#8221; button_two_text_size__hover_enabled=&#8221;off&#8221; button_text_color__hover_enabled=&#8221;off&#8221; button_one_text_color__hover_enabled=&#8221;off&#8221; button_two_text_color__hover_enabled=&#8221;off&#8221; button_border_width__hover_enabled=&#8221;off&#8221; button_one_border_width__hover_enabled=&#8221;off&#8221; button_two_border_width__hover_enabled=&#8221;off&#8221; button_border_color__hover_enabled=&#8221;off&#8221; button_one_border_color__hover_enabled=&#8221;off&#8221; button_two_border_color__hover_enabled=&#8221;off&#8221; button_border_radius__hover_enabled=&#8221;off&#8221; button_one_border_radius__hover_enabled=&#8221;off&#8221; button_two_border_radius__hover_enabled=&#8221;off&#8221; button_letter_spacing__hover_enabled=&#8221;off&#8221; button_one_letter_spacing__hover_enabled=&#8221;off&#8221; button_two_letter_spacing__hover_enabled=&#8221;off&#8221; button_bg_color__hover_enabled=&#8221;off&#8221; button_one_bg_color__hover_enabled=&#8221;off&#8221; button_two_bg_color__hover_enabled=&#8221;off&#8221; theme_builder_area=&#8221;post_content&#8221;][\/et_pb_contact_field][et_pb_contact_field field_id=&#8221;Company&#8221; field_title=&#8221;Company&#8221; fullwidth_field=&#8221;on&#8221; _builder_version=&#8221;4.27.4&#8243; global_colors_info=&#8221;{}&#8221; theme_builder_area=&#8221;post_content&#8221;][\/et_pb_contact_field][et_pb_contact_field field_id=&#8221;Message&#8221; field_title=&#8221;Message&#8221; field_type=&#8221;text&#8221; fullwidth_field=&#8221;on&#8221; _builder_version=&#8221;4.27.4&#8243; link_option_url=&#8221;href=%22https:\/\/bvi-varionet.com\/product-stands\/%22&#8243; box_shadow_style=&#8221;preset6&#8243; box_shadow_blur=&#8221;5px&#8221; global_colors_info=&#8221;{}&#8221; button_text_size__hover_enabled=&#8221;off&#8221; button_one_text_size__hover_enabled=&#8221;off&#8221; button_two_text_size__hover_enabled=&#8221;off&#8221; button_text_color__hover_enabled=&#8221;off&#8221; button_one_text_color__hover_enabled=&#8221;off&#8221; button_two_text_color__hover_enabled=&#8221;off&#8221; button_border_width__hover_enabled=&#8221;off&#8221; button_one_border_width__hover_enabled=&#8221;off&#8221; button_two_border_width__hover_enabled=&#8221;off&#8221; button_border_color__hover_enabled=&#8221;off&#8221; button_one_border_color__hover_enabled=&#8221;off&#8221; button_two_border_color__hover_enabled=&#8221;off&#8221; button_border_radius__hover_enabled=&#8221;off&#8221; button_one_border_radius__hover_enabled=&#8221;off&#8221; button_two_border_radius__hover_enabled=&#8221;off&#8221; button_letter_spacing__hover_enabled=&#8221;off&#8221; button_one_letter_spacing__hover_enabled=&#8221;off&#8221; button_two_letter_spacing__hover_enabled=&#8221;off&#8221; button_bg_color__hover_enabled=&#8221;off&#8221; button_one_bg_color__hover_enabled=&#8221;off&#8221; button_two_bg_color__hover_enabled=&#8221;off&#8221; theme_builder_area=&#8221;post_content&#8221;][\/et_pb_contact_field][\/et_pb_contact_form][\/et_pb_column][\/et_pb_row][\/et_pb_section]<\/p>","protected":false},"excerpt":{"rendered":"<p>Anti blue light protection for all screens !Anti-blue light protection for all screens !Anti-blue light protection for all screens ! &nbsp; The Cool Blue\u00a0glasses\u00a0are\u00a0Varionet collection&#8217;s fashionable glasses protecting your eyes from blue light, which is a radiation widely admitted by practicioners to be harmfull\u00a0 in the mid-long term. With 130mm wide and 55mm x 37mm [&hellip;]<\/p>","protected":false},"author":1,"featured_media":212,"parent":0,"menu_order":0,"comment_status":"closed","ping_status":"closed","template":"","meta":{"_et_pb_use_builder":"on","_et_pb_old_content":"","_et_gb_content_width":"","footnotes":""},"class_list":["post-425","page","type-page","status-publish","has-post-thumbnail","hentry"],"_links":{"self":[{"href":"https:\/\/bvi-varionet.com\/fr\/wp-json\/wp\/v2\/pages\/425","targetHints":{"allow":["GET"]}}],"collection":[{"href":"https:\/\/bvi-varionet.com\/fr\/wp-json\/wp\/v2\/pages"}],"about":[{"href":"https:\/\/bvi-varionet.com\/fr\/wp-json\/wp\/v2\/types\/page"}],"author":[{"embeddable":true,"href":"https:\/\/bvi-varionet.com\/fr\/wp-json\/wp\/v2\/users\/1"}],"replies":[{"embeddable":true,"href":"https:\/\/bvi-varionet.com\/fr\/wp-json\/wp\/v2\/comments?post=425"}],"version-history":[{"count":3,"href":"https:\/\/bvi-varionet.com\/fr\/wp-json\/wp\/v2\/pages\/425\/revisions"}],"predecessor-version":[{"id":3602,"href":"https:\/\/bvi-varionet.com\/fr\/wp-json\/wp\/v2\/pages\/425\/revisions\/3602"}],"wp:featuredmedia":[{"embeddable":true,"href":"https:\/\/bvi-varionet.com\/fr\/wp-json\/wp\/v2\/media\/212"}],"wp:attachment":[{"href":"https:\/\/bvi-varionet.com\/fr\/wp-json\/wp\/v2\/media?parent=425"}],"curies":[{"name":"wp","href":"https:\/\/api.w.org\/{rel}","templated":true}]}}