{"id":410,"date":"2018-09-22T15:23:22","date_gmt":"2018-09-22T14:23:22","guid":{"rendered":"http:\/\/bvi-varionet.com\/?page_id=410"},"modified":"2025-12-30T11:03:11","modified_gmt":"2025-12-30T10:03:11","slug":"varionet-rx","status":"publish","type":"page","link":"https:\/\/bvi-varionet.com\/fr\/varionet-rx\/","title":{"rendered":"PROTECTIVE EYEGLASSES VARIONET SAFETY RX"},"content":{"rendered":"<p>[et_pb_section fb_built=&#8221;1&#8243; fullwidth=&#8221;on&#8221; _builder_version=&#8221;4.16&#8243; custom_padding=&#8221;0px|0px|0|0px|false|false&#8221; global_colors_info=&#8221;{}&#8221;][et_pb_fullwidth_header text_orientation=&#8221;center&#8221; header_fullscreen=&#8221;on&#8221; header_scroll_down=&#8221;on&#8221; scroll_down_icon=&#8221;%%3%%&#8221; scroll_down_icon_color=&#8221;#ffffff&#8221; scroll_down_icon_size=&#8221;40px&#8221; background_overlay_color=&#8221;rgba(40,40,40,0.53)&#8221; _builder_version=&#8221;4.16&#8243; title_font=&#8221;||||||||&#8221; title_text_align=&#8221;center&#8221; content_font=&#8221;||||||||&#8221; subhead_font=&#8221;|700|||||||&#8221; subhead_text_align=&#8221;center&#8221; subhead_text_color=&#8221;#ffffff&#8221; subhead_font_size=&#8221;29px&#8221; background_color=&#8221;#ffffff&#8221; use_background_color_gradient=&#8221;on&#8221; background_color_gradient_direction=&#8221;90deg&#8221; background_color_gradient_stops=&#8221;#0c71c3 0%|#6cc1e2 100%&#8221; background_color_gradient_start=&#8221;#0c71c3&#8243; background_color_gradient_end=&#8221;#6cc1e2&#8243; background_image=&#8221;http:\/\/bvi-varionet.com\/wp-content\/uploads\/2019\/06\/eyeglasses-679696_960_720.jpg&#8221; parallax=&#8221;on&#8221; parallax_method=&#8221;on&#8221; custom_button_one=&#8221;on&#8221; button_one_text_size=&#8221;20px&#8221; button_one_bg_use_color_gradient=&#8221;on&#8221; button_one_bg_color_gradient_direction=&#8221;90deg&#8221; button_one_bg_color_gradient_stops=&#8221;#0c71c3 0%|#6aa5d8 100%&#8221; button_one_bg_color_gradient_start=&#8221;#0c71c3&#8243; button_one_bg_color_gradient_end=&#8221;#6aa5d8&#8243; button_one_border_width=&#8221;1px&#8221; button_one_border_color=&#8221;#007be8&#8243; button_one_border_radius=&#8221;0px&#8221; button_one_letter_spacing=&#8221;1px&#8221; button_one_font=&#8221;|600|||||||&#8221; button_one_icon=&#8221;&#x45;||divi||400&#8243; child_filter_hue_rotate=&#8221;186deg&#8221; child_filter_saturate=&#8221;200%&#8221; child_filter_brightness=&#8221;80%&#8221; child_filter_invert=&#8221;100%&#8221; title_text_shadow_style=&#8221;preset1&#8243; content_text_shadow_style=&#8221;preset1&#8243; subhead_text_shadow_style=&#8221;preset1&#8243; button_one_text_shadow_style=&#8221;preset3&#8243; text_shadow_style=&#8221;preset2&#8243; button_one_text_color_hover=&#8221;#0c71c3&#8243; button_one_border_color_hover=&#8221;#0c71c3&#8243; button_one_border_radius_hover=&#8221;10px&#8221; button_one_bg_color_hover=&#8221;#ffffff&#8221; locked=&#8221;off&#8221; global_colors_info=&#8221;{}&#8221; button_one_text_size__hover_enabled=&#8221;off&#8221; button_two_text_size__hover_enabled=&#8221;off&#8221; button_one_text_color__hover_enabled=&#8221;on&#8221; button_one_text_color__hover=&#8221;#0c71c3&#8243; button_two_text_color__hover_enabled=&#8221;off&#8221; button_one_border_width__hover_enabled=&#8221;off&#8221; button_two_border_width__hover_enabled=&#8221;off&#8221; button_one_border_color__hover_enabled=&#8221;on&#8221; button_one_border_color__hover=&#8221;#0c71c3&#8243; button_two_border_color__hover_enabled=&#8221;off&#8221; button_one_border_radius__hover_enabled=&#8221;on&#8221; button_one_border_radius__hover=&#8221;10px&#8221; button_two_border_radius__hover_enabled=&#8221;off&#8221; button_one_letter_spacing__hover_enabled=&#8221;off&#8221; button_two_letter_spacing__hover_enabled=&#8221;off&#8221; button_one_bg_color__hover_enabled=&#8221;on&#8221; button_one_bg_color__hover=&#8221;#ffffff&#8221; button_two_bg_color__hover_enabled=&#8221;off&#8221;]<\/p>\n<p>&nbsp;<\/p>\n<p>&nbsp;<\/p>\n<p><span style=\"font-size: 14px;\"><img loading=\"lazy\" decoding=\"async\" src=\"http:\/\/bvi-varionet.com\/wp-content\/uploads\/2019\/06\/Logos-RX-blanc.png\" width=\"709\" height=\"189\" alt=\"\" class=\"wp-image-1771 aligncenter size-full\" srcset=\"https:\/\/bvi-varionet.com\/wp-content\/uploads\/2019\/06\/Logos-RX-blanc.png 499w, https:\/\/bvi-varionet.com\/wp-content\/uploads\/2019\/06\/Logos-RX-blanc-300x80.png 300w\" sizes=\"(max-width: 709px) 100vw, 709px\" \/><\/span><\/p>\n<p><span style=\"font-size: 14px;\"><\/span><\/p>\n<h2><span style=\"font-size: 14px;\"><\/span>PRESCRIPTION MEDICALE<\/h2>\n<p><span style=\"font-size: 14px;\"><\/span><\/p>\n<p><span style=\"font-size: 14px;\">Des verres sur mesure pour une meilleure pr\u00e9vention.<\/span><\/p>\n<p>[\/et_pb_fullwidth_header][\/et_pb_section][et_pb_section fb_built=&#8221;1&#8243; specialty=&#8221;on&#8221; _builder_version=&#8221;4.16&#8243; background_color=&#8221;rgba(0,0,0,0.04)&#8221; background_color_gradient_direction=&#8221;90deg&#8221; global_colors_info=&#8221;{}&#8221;][et_pb_column type=&#8221;1_2&#8243; _builder_version=&#8221;4.16&#8243; custom_padding=&#8221;|||&#8221; global_colors_info=&#8221;{}&#8221; custom_padding__hover=&#8221;|||&#8221;][et_pb_divider show_divider=&#8221;off&#8221; _builder_version=&#8221;4.16&#8243; height=&#8221;0px&#8221; global_colors_info=&#8221;{}&#8221;][\/et_pb_divider][et_pb_gallery gallery_ids=&#8221;2016&#8243; fullwidth=&#8221;on&#8221; _builder_version=&#8221;4.16&#8243; pagination_font=&#8221;||||||||&#8221; background_color=&#8221;#ffffff&#8221; min_height=&#8221;8px&#8221; custom_padding=&#8221;24px|0px|0px|0px||true&#8221; box_shadow_style=&#8221;preset1&#8243; locked=&#8221;off&#8221; global_colors_info=&#8221;{}&#8221;][\/et_pb_gallery][et_pb_gallery gallery_ids=&#8221;2024&#8243; fullwidth=&#8221;on&#8221; _builder_version=&#8221;4.16&#8243; pagination_font=&#8221;||||||||&#8221; background_color=&#8221;#ffffff&#8221; min_height=&#8221;2px&#8221; custom_padding=&#8221;24px|0px|0px|0px||true&#8221; box_shadow_style=&#8221;preset1&#8243; locked=&#8221;off&#8221; global_colors_info=&#8221;{}&#8221;][\/et_pb_gallery][et_pb_image src=&#8221;http:\/\/bvi-varionet.com\/wp-content\/uploads\/2019\/06\/100-100-innovation.jpg&#8221; _builder_version=&#8221;4.16&#8243; global_colors_info=&#8221;{}&#8221;][\/et_pb_image][\/et_pb_column][et_pb_column type=&#8221;1_2&#8243; specialty_columns=&#8221;2&#8243; _builder_version=&#8221;4.16&#8243; custom_padding=&#8221;|||&#8221; global_colors_info=&#8221;{}&#8221; custom_padding__hover=&#8221;|||&#8221;][et_pb_row_inner _builder_version=&#8221;4.16&#8243; global_colors_info=&#8221;{}&#8221;][et_pb_column_inner saved_specialty_column_type=&#8221;1_2&#8243; _builder_version=&#8221;4.16&#8243; custom_padding=&#8221;|||&#8221; global_colors_info=&#8221;{}&#8221; custom_padding__hover=&#8221;|||&#8221;][et_pb_text _builder_version=&#8221;4.16&#8243; global_colors_info=&#8221;{}&#8221;]<\/p>\n<h3><strong>Verres sur mesure pour une meilleure pr\u00e9vention.<\/strong><\/h3>\n<h4><strong><\/strong><\/h4>\n<p style=\"text-align: justify;\"><span><\/span><\/p>\n<p style=\"text-align: justify;\"><span>\u00c9quip\u00e9e de verres correcteurs sur-mesure, <strong>Varionet Safety RX est la paire de lunettes de vue<\/strong> norm\u00e9e pour la protection contre les chocs et projections.<\/span><\/p>\n<p>Le risque de briser des verres correcteurs est augment\u00e9 durant les activit\u00e9s professionnelles et individuelles.<\/p>\n<p class=\"translation-block\">Techniques, les verres Varionet Safety RX sont <strong>ultra-r\u00e9sistantes<\/strong> aux impacts tout en \u00e9tant exceptionellement confortables \u00e0 porter.<\/p>\n<p class=\"translation-block\">Elles offrent le <strong>confort d'une lunette de vue<\/strong> dans un <strong>\u00e9quipement robuste et adapt\u00e9<\/strong> au travail.<\/p>\n<p>La conception de la monture prot\u00e8ge les verres : pos\u00e9e sur la face avant, les verres ne sont pas en contact avec une surface plane (jusqu\u2019\u00e0 3,00 dioptries environ).<\/p>\n<p><span>Int\u00e9grant votre correction optique individualis\u00e9e sur des verres de 55 mm x 40 mm, les verres Varionet Safety RX vous apportent une <strong>vision nette, protection et confort.<\/strong><\/span><\/p>\n<p><span><strong><\/strong><\/span><\/p>\n<p class=\"translation-block\"><span><strong>Nous contacter par <a href=\"mailto:contact@bvi-varionet.com\" target=\"_self\">mail<\/a> pour toutes demandes de lunettes avec pr\u00e9scription.<\/strong><\/span><\/p>\n<p><strong><\/strong><\/p>\n<p style=\"text-align: center;\"><img loading=\"lazy\" decoding=\"async\" src=\"http:\/\/bvi-varionet.com\/wp-content\/uploads\/2019\/06\/France_29740-1.png\" width=\"73\" height=\"73\" alt=\"\" class=\"wp-image-1534 aligncenter size-full\" style=\"text-align: justify; display: block; margin-left: auto; margin-right: auto;\" srcset=\"https:\/\/bvi-varionet.com\/wp-content\/uploads\/2019\/06\/France_29740-1.png 512w, https:\/\/bvi-varionet.com\/wp-content\/uploads\/2019\/06\/France_29740-1-150x150.png 150w, https:\/\/bvi-varionet.com\/wp-content\/uploads\/2019\/06\/France_29740-1-300x300.png 300w\" sizes=\"(max-width: 73px) 100vw, 73px\" \/><strong style=\"font-size: 14px;\">FABRIQU\u00c9 EN FRANCE<\/strong><\/p>\n<p>[\/et_pb_text][et_pb_text _builder_version=&#8221;4.16&#8243; global_colors_info=&#8221;{}&#8221;]<\/p>\n<pre class=\"tw-data-text tw-ta tw-text-small\" data-placeholder=\"Traduction\" id=\"tw-target-text\" dir=\"ltr\"><span lang=\"en\"><strong><\/strong><\/span><\/pre>\n<p style=\"text-align: justify;\"><strong>Caract\u00e9ristiques techniques de vos lunettes de protection Safety RX :<\/strong><\/p>\n<ul>\n<li style=\"text-align: justify;\">Verres unifocaux polycarbonate<\/li>\n<li>Verres progressifs polycarbonate<\/li>\n<\/ul>\n<p style=\"text-align: justify;\"><strong>Options<\/strong><strong style=\"text-align: left;\">:<\/strong><\/p>\n<ul>\n<li>Anti-reflets<\/li>\n<li>Anti-lumi\u00e8re bleue<\/li>\n<li>Solaires<\/li>\n<li>Photochromique<\/li>\n<li>Verres Durcis et anti-reflet multicouches<\/li>\n<li>Traitement des verres<\/li>\n<\/ul>\n<p style=\"text-align: justify;\"><strong>Accessoires :<\/strong><\/p>\n<ul>\n<li style=\"text-align: justify;\">Etui rigide avec zip et mousqueton<\/li>\n<li style=\"text-align: justify;\">Cordon de s\u00e9curit\u00e9 noir<\/li>\n<li style=\"text-align: justify;\">Microfibre offert<\/li>\n<\/ul>\n<p>[\/et_pb_text][et_pb_text _builder_version=&#8221;4.16&#8243; width=&#8221;100%&#8221; custom_margin=&#8221;-30px|197px||||&#8221; custom_padding=&#8221;|9px||||&#8221; locked=&#8221;off&#8221; global_colors_info=&#8221;{}&#8221;]<\/p>\n<p style=\"text-align: justify;\"><span style=\"text-decoration: underline;\"><strong><\/strong><\/span><\/p>\n<p style=\"text-align: justify;\"><span style=\"text-decoration: underline;\"><strong>Marquage oculaire :<\/strong><\/span><\/p>\n<p style=\"text-align: left;\" class=\"translation-block\"><strong>F: <\/strong>Impact \u00e0 faible \u00e9nergie, r\u00e9siste \u00e0 une bille de 6\nmm et de 0,86 g \u00e0 45 m\/s<strong><br>T: <\/strong>Protection contre les hautes particules \u00e0 l'extr\u00eame<br> temperatures -5\u00b0C \u00e0 +55\u00b0C)<strong><br> CE: <\/strong> Certificat europ\u00e9en<\/p>\n<p style=\"text-align: justify;\"><span style=\"text-decoration: underline;\"><strong>Marquage montures :<\/strong><\/span><\/p>\n<p style=\"text-align: left;\" class=\"translation-block\"><strong>EN166: <\/strong>Garantie d\u2019une r\u00e9sistance minimale\ndes lunettes aux risques courants.<br> <strong>F:<\/strong> Impact \u00e0 faible \u00e9nergie, r\u00e9siste \u00e0 une bille\nde 6 mm et de 0,86 g \u00e0 45 m\/s<br> <strong>T: <\/strong>De -5\u00b0C \u00e0 +55\u00b0C<br> <strong>CE:<\/strong> Normes europ\u00e9ennes.<br><br>\nLes certificats d\u2019homologation des produits Varionet\nSafety aux normes CE sont envoy\u00e9s sur simple\ndemande.<\/p>\n<p style=\"text-align: left;\"><span style=\"text-decoration: underline;\"><strong>Gravures oculaires :<\/strong><\/span><\/p>\n<p style=\"text-align: left;\"><strong><span style=\"text-decoration: underline;\"><\/span><\/strong><strong>Gauche :<\/strong> N\u00b0 mod\u00e8le sur verre<br \/> <strong>Droite :<\/strong> \u201cCV\u201c<\/p>\n<p style=\"text-align: left;\"><strong><span style=\"text-decoration: underline;\">Verres :<\/span><\/strong><\/p>\n<p style=\"text-align: left;\" class=\"translation-block\"><strong> ISO : <\/strong>14889, 8980-1<br> <strong>Indice :<\/strong> 1,59<br> <strong>Epaisseur minimale :<\/strong> 2,2 mm<\/p>\n<p>[\/et_pb_text][\/et_pb_column_inner][\/et_pb_row_inner][\/et_pb_column][\/et_pb_section][et_pb_section fb_built=&#8221;1&#8243; _builder_version=&#8221;4.16&#8243; global_colors_info=&#8221;{}&#8221;][et_pb_row _builder_version=&#8221;4.16&#8243; global_colors_info=&#8221;{}&#8221;][et_pb_column type=&#8221;4_4&#8243; _builder_version=&#8221;4.16&#8243; custom_padding=&#8221;|||&#8221; global_colors_info=&#8221;{}&#8221; custom_padding__hover=&#8221;|||&#8221;][et_pb_contact_form email=&#8221;contact@bvi-varionet.com&#8221; custom_message=&#8221;Nouveau message de %%Name%%||et_pb_line_break_holder||Entreprise : %%Company%%||et_pb_line_break_holder||Email : %%Email%%||et_pb_line_break_holder||Message : %%Message%%&#8221; success_message=&#8221;Congratulations, your message has been sent!&#8221; submit_button_text=&#8221;SEND&#8221; admin_label=&#8221;Contact form&#8221; module_id=&#8221;et_pb_contact_form_0&#8243; _builder_version=&#8221;4.27.4&#8243; _unique_id=&#8221;fb8602cd-c29c-4c87-bd0d-87031e7aa4c6&#8243; title_font=&#8221;|800||||on|||&#8221; title_text_align=&#8221;center&#8221; title_text_color=&#8221;RGBA(255,255,255,0)&#8221; form_field_font=&#8221;||||||||&#8221; button_border_color=&#8221;#FFFFFF&#8221; text_orientation=&#8221;left&#8221; link_option_url=&#8221;href=%22https:\/\/bvi-varionet.com\/product-stands\/%22&#8243; hover_enabled=&#8221;0&#8243; box_shadow_style_button=&#8221;preset2&#8243; box_shadow_spread_button=&#8221;-6px&#8221; text_shadow_style=&#8221;preset3&#8243; text_shadow_blur_strength=&#8221;0.05em&#8221; locked=&#8221;off&#8221; global_colors_info=&#8221;{}&#8221; global_module=&#8221;3596&#8243; theme_builder_area=&#8221;post_content&#8221; title=&#8221;Customized Eye Protection Tailored Just For You! Contact us for any information:&#8221; sticky_enabled=&#8221;0&#8243;][et_pb_contact_field field_id=&#8221;Name&#8221; field_title=&#8221;Name&#8221; _builder_version=&#8221;4.27.4&#8243; form_field_font=&#8221;||||||||&#8221; text_orientation=&#8221;left&#8221; link_option_url=&#8221;href=%22https:\/\/bvi-varionet.com\/product-stands\/%22&#8243; box_shadow_style=&#8221;preset6&#8243; box_shadow_blur=&#8221;5px&#8221; global_colors_info=&#8221;{}&#8221; button_text_size__hover_enabled=&#8221;off&#8221; button_one_text_size__hover_enabled=&#8221;off&#8221; button_two_text_size__hover_enabled=&#8221;off&#8221; button_text_color__hover_enabled=&#8221;off&#8221; button_one_text_color__hover_enabled=&#8221;off&#8221; button_two_text_color__hover_enabled=&#8221;off&#8221; button_border_width__hover_enabled=&#8221;off&#8221; button_one_border_width__hover_enabled=&#8221;off&#8221; button_two_border_width__hover_enabled=&#8221;off&#8221; button_border_color__hover_enabled=&#8221;off&#8221; button_one_border_color__hover_enabled=&#8221;off&#8221; button_two_border_color__hover_enabled=&#8221;off&#8221; button_border_radius__hover_enabled=&#8221;off&#8221; button_one_border_radius__hover_enabled=&#8221;off&#8221; button_two_border_radius__hover_enabled=&#8221;off&#8221; button_letter_spacing__hover_enabled=&#8221;off&#8221; button_one_letter_spacing__hover_enabled=&#8221;off&#8221; button_two_letter_spacing__hover_enabled=&#8221;off&#8221; button_bg_color__hover_enabled=&#8221;off&#8221; button_one_bg_color__hover_enabled=&#8221;off&#8221; button_two_bg_color__hover_enabled=&#8221;off&#8221; theme_builder_area=&#8221;post_content&#8221;][\/et_pb_contact_field][et_pb_contact_field field_id=&#8221;Email&#8221; field_title=&#8221;E-mail&#8221; field_type=&#8221;email&#8221; _builder_version=&#8221;4.27.4&#8243; link_option_url=&#8221;href=%22https:\/\/bvi-varionet.com\/product-stands\/%22&#8243; box_shadow_style=&#8221;preset6&#8243; box_shadow_blur=&#8221;5px&#8221; global_colors_info=&#8221;{}&#8221; button_text_size__hover_enabled=&#8221;off&#8221; button_one_text_size__hover_enabled=&#8221;off&#8221; button_two_text_size__hover_enabled=&#8221;off&#8221; button_text_color__hover_enabled=&#8221;off&#8221; button_one_text_color__hover_enabled=&#8221;off&#8221; button_two_text_color__hover_enabled=&#8221;off&#8221; button_border_width__hover_enabled=&#8221;off&#8221; button_one_border_width__hover_enabled=&#8221;off&#8221; button_two_border_width__hover_enabled=&#8221;off&#8221; button_border_color__hover_enabled=&#8221;off&#8221; button_one_border_color__hover_enabled=&#8221;off&#8221; button_two_border_color__hover_enabled=&#8221;off&#8221; button_border_radius__hover_enabled=&#8221;off&#8221; button_one_border_radius__hover_enabled=&#8221;off&#8221; button_two_border_radius__hover_enabled=&#8221;off&#8221; button_letter_spacing__hover_enabled=&#8221;off&#8221; button_one_letter_spacing__hover_enabled=&#8221;off&#8221; button_two_letter_spacing__hover_enabled=&#8221;off&#8221; button_bg_color__hover_enabled=&#8221;off&#8221; button_one_bg_color__hover_enabled=&#8221;off&#8221; button_two_bg_color__hover_enabled=&#8221;off&#8221; theme_builder_area=&#8221;post_content&#8221;][\/et_pb_contact_field][et_pb_contact_field field_id=&#8221;Company&#8221; field_title=&#8221;Company&#8221; fullwidth_field=&#8221;on&#8221; _builder_version=&#8221;4.27.4&#8243; global_colors_info=&#8221;{}&#8221; theme_builder_area=&#8221;post_content&#8221;][\/et_pb_contact_field][et_pb_contact_field field_id=&#8221;Message&#8221; field_title=&#8221;Message&#8221; field_type=&#8221;text&#8221; fullwidth_field=&#8221;on&#8221; _builder_version=&#8221;4.27.4&#8243; link_option_url=&#8221;href=%22https:\/\/bvi-varionet.com\/product-stands\/%22&#8243; box_shadow_style=&#8221;preset6&#8243; box_shadow_blur=&#8221;5px&#8221; global_colors_info=&#8221;{}&#8221; button_text_size__hover_enabled=&#8221;off&#8221; button_one_text_size__hover_enabled=&#8221;off&#8221; button_two_text_size__hover_enabled=&#8221;off&#8221; button_text_color__hover_enabled=&#8221;off&#8221; button_one_text_color__hover_enabled=&#8221;off&#8221; button_two_text_color__hover_enabled=&#8221;off&#8221; button_border_width__hover_enabled=&#8221;off&#8221; button_one_border_width__hover_enabled=&#8221;off&#8221; button_two_border_width__hover_enabled=&#8221;off&#8221; button_border_color__hover_enabled=&#8221;off&#8221; button_one_border_color__hover_enabled=&#8221;off&#8221; button_two_border_color__hover_enabled=&#8221;off&#8221; button_border_radius__hover_enabled=&#8221;off&#8221; button_one_border_radius__hover_enabled=&#8221;off&#8221; button_two_border_radius__hover_enabled=&#8221;off&#8221; button_letter_spacing__hover_enabled=&#8221;off&#8221; button_one_letter_spacing__hover_enabled=&#8221;off&#8221; button_two_letter_spacing__hover_enabled=&#8221;off&#8221; button_bg_color__hover_enabled=&#8221;off&#8221; button_one_bg_color__hover_enabled=&#8221;off&#8221; button_two_bg_color__hover_enabled=&#8221;off&#8221; theme_builder_area=&#8221;post_content&#8221;][\/et_pb_contact_field][\/et_pb_contact_form][\/et_pb_column][\/et_pb_row][\/et_pb_section]<\/p>","protected":false},"excerpt":{"rendered":"<p>&nbsp; &nbsp; MEDICAL PRESCRIPTION Tailor-made glasses for better prevention.Custom glasses for better prevention. Equipped with custom-made corrective lenses, Varionet Safety RX is the standard pair of prescription eyeglasses against shock and projection. The risk of breaking non-protective correction glasses is increased during professional or personnal activities. Varionet Safety RX glasses are designed to be ultra-resistant [&hellip;]<\/p>","protected":false},"author":1,"featured_media":0,"parent":0,"menu_order":0,"comment_status":"closed","ping_status":"closed","template":"","meta":{"_et_pb_use_builder":"on","_et_pb_old_content":"","_et_gb_content_width":"","footnotes":""},"class_list":["post-410","page","type-page","status-publish","hentry"],"_links":{"self":[{"href":"https:\/\/bvi-varionet.com\/fr\/wp-json\/wp\/v2\/pages\/410","targetHints":{"allow":["GET"]}}],"collection":[{"href":"https:\/\/bvi-varionet.com\/fr\/wp-json\/wp\/v2\/pages"}],"about":[{"href":"https:\/\/bvi-varionet.com\/fr\/wp-json\/wp\/v2\/types\/page"}],"author":[{"embeddable":true,"href":"https:\/\/bvi-varionet.com\/fr\/wp-json\/wp\/v2\/users\/1"}],"replies":[{"embeddable":true,"href":"https:\/\/bvi-varionet.com\/fr\/wp-json\/wp\/v2\/comments?post=410"}],"version-history":[{"count":46,"href":"https:\/\/bvi-varionet.com\/fr\/wp-json\/wp\/v2\/pages\/410\/revisions"}],"predecessor-version":[{"id":3612,"href":"https:\/\/bvi-varionet.com\/fr\/wp-json\/wp\/v2\/pages\/410\/revisions\/3612"}],"wp:attachment":[{"href":"https:\/\/bvi-varionet.com\/fr\/wp-json\/wp\/v2\/media?parent=410"}],"curies":[{"name":"wp","href":"https:\/\/api.w.org\/{rel}","templated":true}]}}