{"id":355,"date":"2018-09-22T14:09:56","date_gmt":"2018-09-22T13:09:56","guid":{"rendered":"http:\/\/bvi-varionet.com\/?page_id=355"},"modified":"2025-12-30T10:59:23","modified_gmt":"2025-12-30T09:59:23","slug":"varionet-safety-pro","status":"publish","type":"page","link":"https:\/\/bvi-varionet.com\/fr\/varionet-safety-pro\/","title":{"rendered":"PROTECTIVE EYEGLASSES VARIONET SAFETY PRO"},"content":{"rendered":"<p>[et_pb_section fb_built=&#8221;1&#8243; fullwidth=&#8221;on&#8221; _builder_version=&#8221;4.16&#8243; custom_padding=&#8221;0px|0px|0|0px|false|false&#8221; global_colors_info=&#8221;{}&#8221;][et_pb_fullwidth_header text_orientation=&#8221;center&#8221; header_fullscreen=&#8221;on&#8221; header_scroll_down=&#8221;on&#8221; scroll_down_icon=&#8221;%%3%%&#8221; scroll_down_icon_color=&#8221;#ffffff&#8221; scroll_down_icon_size=&#8221;40px&#8221; background_overlay_color=&#8221;rgba(40,40,40,0.53)&#8221; logo_image_url=&#8221;http:\/\/bvi-varionet.com\/wp-content\/uploads\/2018\/05\/nouveau-logo-pro-quadri.png&#8221; _builder_version=&#8221;4.16&#8243; title_font=&#8221;||||||||&#8221; title_text_align=&#8221;center&#8221; content_font=&#8221;||||||||&#8221; subhead_font=&#8221;|700|||||||&#8221; subhead_text_align=&#8221;center&#8221; subhead_text_color=&#8221;#ffffff&#8221; subhead_font_size=&#8221;29px&#8221; background_color=&#8221;#ffffff&#8221; background_image=&#8221;http:\/\/bvi-varionet.com\/wp-content\/uploads\/2019\/06\/Varionet-safety-pro.jpg&#8221; parallax=&#8221;on&#8221; parallax_method=&#8221;on&#8221; custom_button_one=&#8221;on&#8221; button_one_text_size=&#8221;20px&#8221; button_one_bg_use_color_gradient=&#8221;on&#8221; button_one_bg_color_gradient_direction=&#8221;90deg&#8221; button_one_bg_color_gradient_stops=&#8221;#0c71c3 0%|#6aa5d8 100%&#8221; button_one_bg_color_gradient_start=&#8221;#0c71c3&#8243; button_one_bg_color_gradient_end=&#8221;#6aa5d8&#8243; button_one_border_width=&#8221;1px&#8221; button_one_border_color=&#8221;#007be8&#8243; button_one_border_radius=&#8221;0px&#8221; button_one_letter_spacing=&#8221;1px&#8221; button_one_font=&#8221;|600|||||||&#8221; button_one_icon=&#8221;&#x45;||divi||400&#8243; min_height=&#8221;772px&#8221; custom_padding=&#8221;||114px|||&#8221; child_filter_hue_rotate=&#8221;186deg&#8221; child_filter_saturate=&#8221;200%&#8221; child_filter_brightness=&#8221;80%&#8221; child_filter_invert=&#8221;100%&#8221; title_text_shadow_style=&#8221;preset1&#8243; content_text_shadow_style=&#8221;preset1&#8243; subhead_text_shadow_style=&#8221;preset1&#8243; button_one_text_shadow_style=&#8221;preset3&#8243; text_shadow_style=&#8221;preset2&#8243; button_one_text_color_hover=&#8221;#0c71c3&#8243; button_one_border_color_hover=&#8221;#0c71c3&#8243; button_one_border_radius_hover=&#8221;10px&#8221; button_one_bg_color_hover=&#8221;#ffffff&#8221; global_colors_info=&#8221;{}&#8221; button_one_text_size__hover_enabled=&#8221;off&#8221; button_two_text_size__hover_enabled=&#8221;off&#8221; button_one_text_color__hover_enabled=&#8221;on&#8221; button_one_text_color__hover=&#8221;#0c71c3&#8243; button_two_text_color__hover_enabled=&#8221;off&#8221; button_one_border_width__hover_enabled=&#8221;off&#8221; button_two_border_width__hover_enabled=&#8221;off&#8221; button_one_border_color__hover_enabled=&#8221;on&#8221; button_one_border_color__hover=&#8221;#0c71c3&#8243; button_two_border_color__hover_enabled=&#8221;off&#8221; button_one_border_radius__hover_enabled=&#8221;on&#8221; button_one_border_radius__hover=&#8221;10px&#8221; button_two_border_radius__hover_enabled=&#8221;off&#8221; button_one_letter_spacing__hover_enabled=&#8221;off&#8221; button_two_letter_spacing__hover_enabled=&#8221;off&#8221; button_one_bg_color__hover_enabled=&#8221;on&#8221; button_one_bg_color__hover=&#8221;#ffffff&#8221; button_two_bg_color__hover_enabled=&#8221;off&#8221;]<\/p>\n<p><span style=\"font-size: medium;\">\u00a0<\/span><\/p>\n<p class=\"translation-block\"><span>Les lunettes de protection <strong>Varionet Safety pro<\/strong>\u00a0con\u00e7ues pour les professionnels atteints de presbytie.<\/span><\/p>\n<p>[\/et_pb_fullwidth_header][\/et_pb_section][et_pb_section fb_built=&#8221;1&#8243; specialty=&#8221;on&#8221; _builder_version=&#8221;4.16&#8243; background_color=&#8221;rgba(0,0,0,0.04)&#8221; background_color_gradient_direction=&#8221;90deg&#8221; global_colors_info=&#8221;{}&#8221;][et_pb_column type=&#8221;1_2&#8243; _builder_version=&#8221;4.16&#8243; custom_padding=&#8221;|||&#8221; global_colors_info=&#8221;{}&#8221; custom_padding__hover=&#8221;|||&#8221;][et_pb_divider show_divider=&#8221;off&#8221; _builder_version=&#8221;4.16&#8243; height=&#8221;0px&#8221; global_colors_info=&#8221;{}&#8221;][\/et_pb_divider][et_pb_gallery gallery_ids=&#8221;129&#8243; fullwidth=&#8221;on&#8221; _builder_version=&#8221;4.16&#8243; pagination_font=&#8221;||||||||&#8221; background_color=&#8221;#ffffff&#8221; z_index=&#8221;0&#8243; box_shadow_style=&#8221;preset1&#8243; locked=&#8221;off&#8221; global_colors_info=&#8221;{}&#8221;][\/et_pb_gallery][et_pb_gallery gallery_ids=&#8221;1629&#8243; fullwidth=&#8221;on&#8221; _builder_version=&#8221;4.16&#8243; pagination_font=&#8221;||||||||&#8221; background_color=&#8221;#ffffff&#8221; custom_margin=&#8221;||-2px|||&#8221; custom_padding=&#8221;|9px||7px||&#8221; box_shadow_style=&#8221;preset1&#8243; global_colors_info=&#8221;{}&#8221;][\/et_pb_gallery][et_pb_gallery gallery_ids=&#8221;1627&#8243; fullwidth=&#8221;on&#8221; _builder_version=&#8221;4.16&#8243; pagination_font=&#8221;||||||||&#8221; background_color=&#8221;#ffffff&#8221; box_shadow_style=&#8221;preset1&#8243; global_colors_info=&#8221;{}&#8221;][\/et_pb_gallery][et_pb_gallery gallery_ids=&#8221;1531&#8243; fullwidth=&#8221;on&#8221; _builder_version=&#8221;4.16&#8243; pagination_font=&#8221;||||||||&#8221; background_color=&#8221;#ffffff&#8221; min_height=&#8221;3px&#8221; custom_margin=&#8221;9px|||||&#8221; custom_padding=&#8221;||0px|||&#8221; box_shadow_style=&#8221;preset1&#8243; global_colors_info=&#8221;{}&#8221;][\/et_pb_gallery][et_pb_gallery gallery_ids=&#8221;1557&#8243; fullwidth=&#8221;on&#8221; _builder_version=&#8221;4.16&#8243; pagination_font=&#8221;||||||||&#8221; background_color=&#8221;#ffffff&#8221; min_height=&#8221;9px&#8221; custom_margin=&#8221;||30px|||&#8221; custom_padding=&#8221;||0px|||&#8221; box_shadow_style=&#8221;preset1&#8243; global_colors_info=&#8221;{}&#8221;][\/et_pb_gallery][et_pb_image src=&#8221;http:\/\/bvi-varionet.com\/wp-content\/uploads\/2019\/06\/100-100-innovation.jpg&#8221; _builder_version=&#8221;4.16&#8243; global_colors_info=&#8221;{}&#8221;][\/et_pb_image][\/et_pb_column][et_pb_column type=&#8221;1_2&#8243; specialty_columns=&#8221;2&#8243; _builder_version=&#8221;4.16&#8243; custom_padding=&#8221;|||&#8221; global_colors_info=&#8221;{}&#8221; custom_padding__hover=&#8221;|||&#8221;][et_pb_row_inner use_custom_gutter=&#8221;on&#8221; gutter_width=&#8221;4&#8243; _builder_version=&#8221;4.16&#8243; width=&#8221;100%&#8221; custom_margin=&#8221;|-186px||||&#8221; custom_padding=&#8221;|0px||||&#8221; global_colors_info=&#8221;{}&#8221;][et_pb_column_inner saved_specialty_column_type=&#8221;1_2&#8243; _builder_version=&#8221;4.16&#8243; custom_padding=&#8221;|||&#8221; global_colors_info=&#8221;{}&#8221; custom_padding__hover=&#8221;|||&#8221;][et_pb_text _builder_version=&#8221;4.16&#8243; text_font=&#8221;||||||||&#8221; custom_margin=&#8221;|1px|-5px|||&#8221; custom_padding=&#8221;|0px||||&#8221; global_colors_info=&#8221;{}&#8221;]<\/p>\n<h3 style=\"text-align: justify;\"><span><strong>La meilleure protection oculaire professionnelle pour presbytes<br \/> <\/strong><\/span><\/h3>\n<p>&nbsp;<\/p>\n<p style=\"text-align: justify;\"><span>Une mauvaise vision affecte les performances d'un professionnel et augmente le risque d'accidents. : de nombreux rapports m\u00e9dicaux illustrent cette r\u00e9alit\u00e9.<\/span><\/p>\n<p style=\"text-align: justify;\" class=\"translation-block\"><span><br> <strong>La lunette Varionet SafetyPro<\/strong> a \u00e9t\u00e9 con\u00e7ue pour les utilisateurs de plus de 40 ans <br> atteints de presbytie, dont l'activit\u00e9 requiert une protection oculaire robuste offrant <strong>un verre correcteur de haute d\u00e9finition<\/strong>.<\/span><\/p>\n<p style=\"text-align: justify;\" class=\"translation-block\"><span><br> Six corrections sont propos\u00e9es aux professionnels pour satisfaire leurs besoins au travail.\u00a0Elles offrent la meilleure vision de proximit\u00e9, augmentant ainsi leur confort et r\u00e9duisant le risque d'accidents.<\/span><\/p>\n<p style=\"text-align: justify;\"><span><br \/> Le verre correcteur est rev\u00eatu sur sa partie interne d'un nouveau traitement Anti-Bu\u00e9e et sur sa partie externe d'un traitement Anti-rayures garantissant une qualit\u00e9 de vision et une dur\u00e9e de vie allong\u00e9e au produit.<br \/> meilleure qualit\u00e9 de vision pendant une plus longue dur\u00e9e de vie du produit.<\/span><\/p>\n<p style=\"text-align: justify;\"><span><img loading=\"lazy\" decoding=\"async\" src=\"http:\/\/bvi-varionet.com\/wp-content\/uploads\/2019\/06\/ageFR.png\" alt=\"\" class=\"wp-image-2599 aligncenter size-full\" width=\"344\" height=\"499\" srcset=\"https:\/\/bvi-varionet.com\/wp-content\/uploads\/2019\/06\/ageFR.png 344w, https:\/\/bvi-varionet.com\/wp-content\/uploads\/2019\/06\/ageFR-207x300.png 207w\" sizes=\"(max-width: 344px) 100vw, 344px\" \/><\/span><\/p>\n<p style=\"text-align: justify;\"><span>\u00a0<\/span><\/p>\n<p style=\"text-align: justify;\"><span>\u00a0<\/span><\/p>\n<p style=\"text-align: justify;\"><span><\/span><\/p>\n<ul>\n<li style=\"text-align: justify;\"><span>VERRES MULTIDISTANCES INNOVANTS CERTIFI\u00c9S EN166 FT<\/span><span><\/span><span><\/span><\/li>\n<li style=\"text-align: justify;\"><span>PROTECTIONS LAT\u00c9RALES<\/span><span><\/span><span><\/span><\/li>\n<li style=\"text-align: justify;\"><span>VERRES ANTI-BUEE ET ANTI-RAYURES<\/span><span><\/span><span><\/span><\/li>\n<li style=\"text-align: justify;\" class=\"translation-block\">BRANCHE R\u00c9GLABLES RECOUVERTES DE GOMME ANTI-GLISSEMENT<\/li>\n<li style=\"text-align: justify;\"><span>L\u00c9G\u00c8RET\u00c9, DURABILIT\u00c9, CONFORT<\/span><\/li>\n<\/ul>\n<p style=\"text-align: center;\"><strong><\/strong><\/p>\n<p style=\"text-align: center;\"><img loading=\"lazy\" decoding=\"async\" src=\"http:\/\/bvi-varionet.com\/wp-content\/uploads\/2019\/06\/France_29740-1.png\" alt=\"\" class=\"wp-image-1534 aligncenter size-full\" style=\"text-align: justify; display: block; margin-left: auto; margin-right: auto;\" width=\"73\" height=\"73\" srcset=\"https:\/\/bvi-varionet.com\/wp-content\/uploads\/2019\/06\/France_29740-1.png 512w, https:\/\/bvi-varionet.com\/wp-content\/uploads\/2019\/06\/France_29740-1-150x150.png 150w, https:\/\/bvi-varionet.com\/wp-content\/uploads\/2019\/06\/France_29740-1-300x300.png 300w\" sizes=\"(max-width: 73px) 100vw, 73px\" \/><strong style=\"font-size: 14px;\">FABRIQU\u00c9 EN FRANCE<\/strong><\/p>\n<p style=\"text-align: center;\"><strong style=\"font-size: 14px;\"><\/strong><\/p>\n<p style=\"text-align: center;\"><strong style=\"font-size: 14px;\"><\/strong><\/p>\n<p style=\"text-align: center;\"><strong style=\"font-size: 14px;\"><\/strong><\/p>\n<h4 style=\"text-align: center;\"><strong>Presbyotia&#8217;s correction with Multi-distance lenses.<\/strong><\/h4>\n<p>[\/et_pb_text][et_pb_image src=&#8221;http:\/\/bvi-varionet.com\/wp-content\/uploads\/2019\/06\/schema-safety-pro-schema-3-distances.jpg&#8221; _builder_version=&#8221;4.16&#8243; width=&#8221;100%&#8221; min_height=&#8221;179px&#8221; custom_margin=&#8221;|-90px||||&#8221; global_colors_info=&#8221;{}&#8221;][\/et_pb_image][et_pb_text _builder_version=&#8221;4.16&#8243; width=&#8221;100%&#8221; custom_margin=&#8221;-30px|197px||||&#8221; custom_padding=&#8221;|9px||||&#8221; global_colors_info=&#8221;{}&#8221;]<\/p>\n<p style=\"text-align: justify;\"><span style=\"text-decoration: underline;\"><strong><\/strong><\/span><\/p>\n<p style=\"text-align: justify;\"><span style=\"text-decoration: underline;\"><strong>Marquage oculaire :<\/strong><\/span><\/p>\n<p style=\"text-align: left;\" class=\"translation-block\"><strong>F: <\/strong>Impact \u00e0 faible \u00e9nergie, r\u00e9siste \u00e0 une bille de 6\nmm et de 0,86 g \u00e0 45 m\/s<strong><br>T: <\/strong>Protection contre les hautes particules \u00e0 l'extr\u00eame<br> temperatures -5\u00b0C \u00e0 +55\u00b0C)<strong><br> CE: <\/strong> Certificat europ\u00e9en<\/p>\n<p style=\"text-align: justify;\"><span style=\"text-decoration: underline;\"><strong>Marquage montures :<\/strong><\/span><\/p>\n<p style=\"text-align: left;\" class=\"translation-block\"><strong>EN166: <\/strong>Garantie d\u2019une r\u00e9sistance minimale\ndes lunettes aux risques courants.<br> <strong>F:<\/strong> Impact \u00e0 faible \u00e9nergie, r\u00e9siste \u00e0 une bille\nde 6 mm et de 0,86 g \u00e0 45 m\/s<br> <strong>T: <\/strong>De -5\u00b0C \u00e0 +55\u00b0C<br> <strong>CE:<\/strong> Normes europ\u00e9ennes.<br><br>\nLes certificats d\u2019homologation des produits Varionet\nSafety aux normes CE sont envoy\u00e9s sur simple\ndemande.<\/p>\n<p style=\"text-align: left;\"><span style=\"text-decoration: underline;\"><strong>Gravures oculaires :<\/strong><\/span><\/p>\n<p style=\"text-align: left;\"><strong><span style=\"text-decoration: underline;\"><\/span><\/strong><strong>Gauche :<\/strong> N\u00b0 mod\u00e8le sur verre<br \/> <strong>Droite :<\/strong> \u201cCV\u201c<\/p>\n<p style=\"text-align: left;\"><strong><span style=\"text-decoration: underline;\">Verres :<\/span><\/strong><\/p>\n<p style=\"text-align: left;\" class=\"translation-block\"><strong> ISO : <\/strong>14889, 8980-1<br> <strong>Indice :<\/strong> 1,59<br> <strong>Epaisseur minimale :<\/strong> 2,2 mm<\/p>\n<p>[\/et_pb_text][\/et_pb_column_inner][\/et_pb_row_inner][\/et_pb_column][\/et_pb_section][et_pb_section fb_built=&#8221;1&#8243; _builder_version=&#8221;4.16&#8243; global_colors_info=&#8221;{}&#8221;][et_pb_row _builder_version=&#8221;4.16&#8243; global_colors_info=&#8221;{}&#8221;][et_pb_column type=&#8221;4_4&#8243; _builder_version=&#8221;4.16&#8243; custom_padding=&#8221;|||&#8221; global_colors_info=&#8221;{}&#8221; custom_padding__hover=&#8221;|||&#8221;][et_pb_contact_form email=&#8221;contact@bvi-varionet.com&#8221; custom_message=&#8221;Nouveau message de %%Name%%||et_pb_line_break_holder||Entreprise : %%Company%%||et_pb_line_break_holder||Email : %%Email%%||et_pb_line_break_holder||Message : %%Message%%&#8221; success_message=&#8221;Congratulations, your message has been sent!&#8221; submit_button_text=&#8221;SEND&#8221; admin_label=&#8221;Contact form&#8221; module_id=&#8221;et_pb_contact_form_0&#8243; _builder_version=&#8221;4.27.4&#8243; _unique_id=&#8221;fb8602cd-c29c-4c87-bd0d-87031e7aa4c6&#8243; title_font=&#8221;|800||||on|||&#8221; title_text_align=&#8221;center&#8221; title_text_color=&#8221;RGBA(255,255,255,0)&#8221; form_field_font=&#8221;||||||||&#8221; button_border_color=&#8221;#FFFFFF&#8221; text_orientation=&#8221;left&#8221; link_option_url=&#8221;href=%22https:\/\/bvi-varionet.com\/product-stands\/%22&#8243; hover_enabled=&#8221;0&#8243; box_shadow_style_button=&#8221;preset2&#8243; box_shadow_spread_button=&#8221;-6px&#8221; text_shadow_style=&#8221;preset3&#8243; text_shadow_blur_strength=&#8221;0.05em&#8221; locked=&#8221;off&#8221; global_colors_info=&#8221;{}&#8221; global_module=&#8221;3596&#8243; theme_builder_area=&#8221;post_content&#8221; title=&#8221;Your SAFETY are waiting for you! Contact us for any information:&#8221; sticky_enabled=&#8221;0&#8243;][et_pb_contact_field field_id=&#8221;Name&#8221; field_title=&#8221;Name&#8221; _builder_version=&#8221;4.27.4&#8243; form_field_font=&#8221;||||||||&#8221; text_orientation=&#8221;left&#8221; link_option_url=&#8221;href=%22https:\/\/bvi-varionet.com\/product-stands\/%22&#8243; box_shadow_style=&#8221;preset6&#8243; box_shadow_blur=&#8221;5px&#8221; global_colors_info=&#8221;{}&#8221; button_text_size__hover_enabled=&#8221;off&#8221; button_one_text_size__hover_enabled=&#8221;off&#8221; button_two_text_size__hover_enabled=&#8221;off&#8221; button_text_color__hover_enabled=&#8221;off&#8221; button_one_text_color__hover_enabled=&#8221;off&#8221; button_two_text_color__hover_enabled=&#8221;off&#8221; button_border_width__hover_enabled=&#8221;off&#8221; button_one_border_width__hover_enabled=&#8221;off&#8221; button_two_border_width__hover_enabled=&#8221;off&#8221; button_border_color__hover_enabled=&#8221;off&#8221; button_one_border_color__hover_enabled=&#8221;off&#8221; button_two_border_color__hover_enabled=&#8221;off&#8221; button_border_radius__hover_enabled=&#8221;off&#8221; button_one_border_radius__hover_enabled=&#8221;off&#8221; button_two_border_radius__hover_enabled=&#8221;off&#8221; button_letter_spacing__hover_enabled=&#8221;off&#8221; button_one_letter_spacing__hover_enabled=&#8221;off&#8221; button_two_letter_spacing__hover_enabled=&#8221;off&#8221; button_bg_color__hover_enabled=&#8221;off&#8221; button_one_bg_color__hover_enabled=&#8221;off&#8221; button_two_bg_color__hover_enabled=&#8221;off&#8221; theme_builder_area=&#8221;post_content&#8221;][\/et_pb_contact_field][et_pb_contact_field field_id=&#8221;Email&#8221; field_title=&#8221;E-mail&#8221; field_type=&#8221;email&#8221; _builder_version=&#8221;4.27.4&#8243; link_option_url=&#8221;href=%22https:\/\/bvi-varionet.com\/product-stands\/%22&#8243; box_shadow_style=&#8221;preset6&#8243; box_shadow_blur=&#8221;5px&#8221; global_colors_info=&#8221;{}&#8221; button_text_size__hover_enabled=&#8221;off&#8221; button_one_text_size__hover_enabled=&#8221;off&#8221; button_two_text_size__hover_enabled=&#8221;off&#8221; button_text_color__hover_enabled=&#8221;off&#8221; button_one_text_color__hover_enabled=&#8221;off&#8221; button_two_text_color__hover_enabled=&#8221;off&#8221; button_border_width__hover_enabled=&#8221;off&#8221; button_one_border_width__hover_enabled=&#8221;off&#8221; button_two_border_width__hover_enabled=&#8221;off&#8221; button_border_color__hover_enabled=&#8221;off&#8221; button_one_border_color__hover_enabled=&#8221;off&#8221; button_two_border_color__hover_enabled=&#8221;off&#8221; button_border_radius__hover_enabled=&#8221;off&#8221; button_one_border_radius__hover_enabled=&#8221;off&#8221; button_two_border_radius__hover_enabled=&#8221;off&#8221; button_letter_spacing__hover_enabled=&#8221;off&#8221; button_one_letter_spacing__hover_enabled=&#8221;off&#8221; button_two_letter_spacing__hover_enabled=&#8221;off&#8221; button_bg_color__hover_enabled=&#8221;off&#8221; button_one_bg_color__hover_enabled=&#8221;off&#8221; button_two_bg_color__hover_enabled=&#8221;off&#8221; theme_builder_area=&#8221;post_content&#8221;][\/et_pb_contact_field][et_pb_contact_field field_id=&#8221;Company&#8221; field_title=&#8221;Company&#8221; fullwidth_field=&#8221;on&#8221; _builder_version=&#8221;4.27.4&#8243; global_colors_info=&#8221;{}&#8221; theme_builder_area=&#8221;post_content&#8221;][\/et_pb_contact_field][et_pb_contact_field field_id=&#8221;Message&#8221; field_title=&#8221;Message&#8221; field_type=&#8221;text&#8221; fullwidth_field=&#8221;on&#8221; _builder_version=&#8221;4.27.4&#8243; link_option_url=&#8221;href=%22https:\/\/bvi-varionet.com\/product-stands\/%22&#8243; box_shadow_style=&#8221;preset6&#8243; box_shadow_blur=&#8221;5px&#8221; global_colors_info=&#8221;{}&#8221; button_text_size__hover_enabled=&#8221;off&#8221; button_one_text_size__hover_enabled=&#8221;off&#8221; button_two_text_size__hover_enabled=&#8221;off&#8221; button_text_color__hover_enabled=&#8221;off&#8221; button_one_text_color__hover_enabled=&#8221;off&#8221; button_two_text_color__hover_enabled=&#8221;off&#8221; button_border_width__hover_enabled=&#8221;off&#8221; button_one_border_width__hover_enabled=&#8221;off&#8221; button_two_border_width__hover_enabled=&#8221;off&#8221; button_border_color__hover_enabled=&#8221;off&#8221; button_one_border_color__hover_enabled=&#8221;off&#8221; button_two_border_color__hover_enabled=&#8221;off&#8221; button_border_radius__hover_enabled=&#8221;off&#8221; button_one_border_radius__hover_enabled=&#8221;off&#8221; button_two_border_radius__hover_enabled=&#8221;off&#8221; button_letter_spacing__hover_enabled=&#8221;off&#8221; button_one_letter_spacing__hover_enabled=&#8221;off&#8221; button_two_letter_spacing__hover_enabled=&#8221;off&#8221; button_bg_color__hover_enabled=&#8221;off&#8221; button_one_bg_color__hover_enabled=&#8221;off&#8221; button_two_bg_color__hover_enabled=&#8221;off&#8221; theme_builder_area=&#8221;post_content&#8221;][\/et_pb_contact_field][\/et_pb_contact_form][\/et_pb_column][\/et_pb_row][\/et_pb_section]<\/p>","protected":false},"excerpt":{"rendered":"<p>\u00a0 Varionet Safety pro\u00a0glasses are designed for professionals with presbyopia.The Best Safety Glasses For Professionals With Presbyopia &nbsp; Poor vision affects a professional\u2019s performance and increases the risk of accidents. : numerous medical reports illustrate this reality . Varionet SafetyPro eyewear was developed to meet the needs of professionals over 40 years old who suffer [&hellip;]<\/p>","protected":false},"author":1,"featured_media":0,"parent":0,"menu_order":0,"comment_status":"closed","ping_status":"closed","template":"","meta":{"_et_pb_use_builder":"on","_et_pb_old_content":"","_et_gb_content_width":"","footnotes":""},"class_list":["post-355","page","type-page","status-publish","hentry"],"_links":{"self":[{"href":"https:\/\/bvi-varionet.com\/fr\/wp-json\/wp\/v2\/pages\/355","targetHints":{"allow":["GET"]}}],"collection":[{"href":"https:\/\/bvi-varionet.com\/fr\/wp-json\/wp\/v2\/pages"}],"about":[{"href":"https:\/\/bvi-varionet.com\/fr\/wp-json\/wp\/v2\/types\/page"}],"author":[{"embeddable":true,"href":"https:\/\/bvi-varionet.com\/fr\/wp-json\/wp\/v2\/users\/1"}],"replies":[{"embeddable":true,"href":"https:\/\/bvi-varionet.com\/fr\/wp-json\/wp\/v2\/comments?post=355"}],"version-history":[{"count":3,"href":"https:\/\/bvi-varionet.com\/fr\/wp-json\/wp\/v2\/pages\/355\/revisions"}],"predecessor-version":[{"id":3609,"href":"https:\/\/bvi-varionet.com\/fr\/wp-json\/wp\/v2\/pages\/355\/revisions\/3609"}],"wp:attachment":[{"href":"https:\/\/bvi-varionet.com\/fr\/wp-json\/wp\/v2\/media?parent=355"}],"curies":[{"name":"wp","href":"https:\/\/api.w.org\/{rel}","templated":true}]}}