{"id":3220,"date":"2020-11-05T15:52:35","date_gmt":"2020-11-05T14:52:35","guid":{"rendered":"https:\/\/bvi-varionet.com\/?page_id=3220"},"modified":"2025-12-30T14:03:07","modified_gmt":"2025-12-30T13:03:07","slug":"anti-fog-microfibre-cloth","status":"publish","type":"page","link":"https:\/\/bvi-varionet.com\/fr\/anti-fog-microfibre-cloth\/","title":{"rendered":"ESSUIE-VERRES ANTI BU\u00c9E VARIONET"},"content":{"rendered":"<p>[et_pb_section fb_built=&#8221;1&#8243; fullwidth=&#8221;on&#8221; _builder_version=&#8221;4.16&#8243; custom_padding=&#8221;0px|0px|0|0px|false|false&#8221; global_colors_info=&#8221;{}&#8221;][et_pb_fullwidth_header title=&#8221;ANTI-FOG MICROFIBRE CLOTH&#8221; text_orientation=&#8221;center&#8221; header_fullscreen=&#8221;on&#8221; header_scroll_down=&#8221;on&#8221; scroll_down_icon=&#8221;%%3%%&#8221; scroll_down_icon_color=&#8221;#ffffff&#8221; scroll_down_icon_size=&#8221;40px&#8221; background_overlay_color=&#8221;rgba(40,40,40,0.53)&#8221; _builder_version=&#8221;4.16&#8243; title_font=&#8221;||||||||&#8221; title_text_align=&#8221;center&#8221; content_font=&#8221;||||||||&#8221; subhead_font=&#8221;|700|||||||&#8221; subhead_text_align=&#8221;center&#8221; subhead_text_color=&#8221;#ffffff&#8221; subhead_font_size=&#8221;29px&#8221; background_color=&#8221;#ffffff&#8221; background_image=&#8221;https:\/\/bvi-varionet.com\/wp-content\/uploads\/2020\/11\/page-produit.png&#8221; parallax=&#8221;on&#8221; parallax_method=&#8221;on&#8221; custom_button_one=&#8221;on&#8221; button_one_text_size=&#8221;20px&#8221; button_one_bg_use_color_gradient=&#8221;on&#8221; button_one_bg_color_gradient_direction=&#8221;90deg&#8221; button_one_bg_color_gradient_stops=&#8221;#0c71c3 0%|#6aa5d8 100%&#8221; button_one_bg_color_gradient_start=&#8221;#0c71c3&#8243; button_one_bg_color_gradient_end=&#8221;#6aa5d8&#8243; button_one_border_width=&#8221;1px&#8221; button_one_border_color=&#8221;#007be8&#8243; button_one_border_radius=&#8221;0px&#8221; button_one_letter_spacing=&#8221;1px&#8221; button_one_font=&#8221;|600|||||||&#8221; button_one_icon=&#8221;&#x45;||divi||400&#8243; title_text_shadow_style=&#8221;preset1&#8243; content_text_shadow_style=&#8221;preset1&#8243; subhead_text_shadow_style=&#8221;preset1&#8243; button_one_text_shadow_style=&#8221;preset3&#8243; text_shadow_style=&#8221;preset2&#8243; button_one_text_color_hover=&#8221;#0c71c3&#8243; button_one_border_color_hover=&#8221;#0c71c3&#8243; button_one_border_radius_hover=&#8221;10px&#8221; button_one_bg_color_hover=&#8221;#ffffff&#8221; global_colors_info=&#8221;{}&#8221; button_one_text_size__hover_enabled=&#8221;off&#8221; button_two_text_size__hover_enabled=&#8221;off&#8221; button_one_text_color__hover_enabled=&#8221;on&#8221; button_one_text_color__hover=&#8221;#0c71c3&#8243; button_two_text_color__hover_enabled=&#8221;off&#8221; button_one_border_width__hover_enabled=&#8221;off&#8221; button_two_border_width__hover_enabled=&#8221;off&#8221; button_one_border_color__hover_enabled=&#8221;on&#8221; button_one_border_color__hover=&#8221;#0c71c3&#8243; button_two_border_color__hover_enabled=&#8221;off&#8221; button_one_border_radius__hover_enabled=&#8221;on&#8221; button_one_border_radius__hover=&#8221;10px&#8221; button_two_border_radius__hover_enabled=&#8221;off&#8221; button_one_letter_spacing__hover_enabled=&#8221;off&#8221; button_two_letter_spacing__hover_enabled=&#8221;off&#8221; button_one_bg_color__hover_enabled=&#8221;on&#8221; button_one_bg_color__hover=&#8221;#ffffff&#8221; button_two_bg_color__hover_enabled=&#8221;off&#8221;]<\/p>\n<p>&nbsp;<\/p>\n<p><span style=\"font-size: medium;\">Prot\u00e8ge efficacement et durablement les verres de lunettes, masques, visi\u00e8res etc...contre la bu\u00e9e<\/span><\/p>\n<p>[\/et_pb_fullwidth_header][\/et_pb_section][et_pb_section fb_built=&#8221;1&#8243; specialty=&#8221;on&#8221; _builder_version=&#8221;4.16&#8243; background_color=&#8221;rgba(0,0,0,0.04)&#8221; background_color_gradient_direction=&#8221;90deg&#8221; global_colors_info=&#8221;{}&#8221;][et_pb_column type=&#8221;1_2&#8243; _builder_version=&#8221;4.16&#8243; custom_padding=&#8221;|||&#8221; global_colors_info=&#8221;{}&#8221; custom_padding__hover=&#8221;|||&#8221;][et_pb_image src=&#8221;https:\/\/bvi-varionet.com\/wp-content\/uploads\/2020\/11\/201020-PACKAGING-MICROFIBRE-AF-1-scaled.jpg&#8221; _builder_version=&#8221;4.16&#8243; global_colors_info=&#8221;{}&#8221;][\/et_pb_image][et_pb_tabs _builder_version=&#8221;4.16&#8243; global_colors_info=&#8221;{}&#8221;][et_pb_tab title=&#8221;ENGLISH&#8221; _builder_version=&#8221;4.16&#8243; global_colors_info=&#8221;{}&#8221;]<\/p>\n<p>Watch our video :<\/p>\n<div style=\"width: 1080px;\" class=\"wp-video\"><!--[if lt IE 9]><script>document.createElement('video');<\/script><![endif]-->\n<video class=\"wp-video-shortcode\" id=\"video-3220-1\" width=\"1080\" height=\"608\" preload=\"metadata\" controls=\"controls\"><source type=\"video\/mp4\" src=\"https:\/\/bvi-varionet.com\/wp-content\/uploads\/2020\/11\/Anti-Fog_Cloth_Varionet_SST_EN_V1.mp4?_=1\" \/><a href=\"https:\/\/bvi-varionet.com\/wp-content\/uploads\/2020\/11\/Anti-Fog_Cloth_Varionet_SST_EN_V1.mp4\">https:\/\/bvi-varionet.com\/wp-content\/uploads\/2020\/11\/Anti-Fog_Cloth_Varionet_SST_EN_V1.mp4<\/a><\/video><\/div>\n<p>[\/et_pb_tab][et_pb_tab title=&#8221;FRAN\u00c7AIS&#8221; _builder_version=&#8221;4.16&#8243; global_colors_info=&#8221;{}&#8221;]<\/p>\n<p>Regardez notre vid\u00e9o :<\/p>\n<div style=\"width: 1080px;\" class=\"wp-video\"><video class=\"wp-video-shortcode\" id=\"video-3220-2\" width=\"1080\" height=\"608\" preload=\"metadata\" controls=\"controls\"><source type=\"video\/mp4\" src=\"https:\/\/bvi-varionet.com\/wp-content\/uploads\/2020\/11\/Essuie-Verres-anti-bu\u00e9e_Varionet_SST_FR_V1.mp4?_=2\" \/><a href=\"https:\/\/bvi-varionet.com\/wp-content\/uploads\/2020\/11\/Essuie-Verres-anti-bu\u00e9e_Varionet_SST_FR_V1.mp4\">https:\/\/bvi-varionet.com\/wp-content\/uploads\/2020\/11\/Essuie-Verres-anti-bu\u00e9e_Varionet_SST_FR_V1.mp4<\/a><\/video><\/div>\n<p>[\/et_pb_tab][\/et_pb_tabs][et_pb_divider show_divider=&#8221;off&#8221; _builder_version=&#8221;4.16&#8243; global_colors_info=&#8221;{}&#8221;][\/et_pb_divider][\/et_pb_column][et_pb_column type=&#8221;1_2&#8243; specialty_columns=&#8221;2&#8243; _builder_version=&#8221;4.16&#8243; custom_padding=&#8221;|||&#8221; global_colors_info=&#8221;{}&#8221; custom_padding__hover=&#8221;|||&#8221;][et_pb_row_inner _builder_version=&#8221;4.16&#8243; global_colors_info=&#8221;{}&#8221;][et_pb_column_inner saved_specialty_column_type=&#8221;1_2&#8243; _builder_version=&#8221;4.16&#8243; custom_padding=&#8221;|||&#8221; global_colors_info=&#8221;{}&#8221; custom_padding__hover=&#8221;|||&#8221;][et_pb_text _builder_version=&#8221;4.16&#8243; custom_margin=&#8221;||0px|||&#8221; global_colors_info=&#8221;{}&#8221;]<\/p>\n<h3>MARRE DE LA BU\u00c9E ?<\/h3>\n<p>[\/et_pb_text][et_pb_text _builder_version=&#8221;4.16&#8243; global_colors_info=&#8221;{}&#8221;]<\/p>\n<div>\n<p>Varionet a solutionn\u00e9 le probl\u00e8me de bu\u00e9e sur les lunettes de vue, de soleil, visi\u00e8res, masques etc... gr\u00e2ce \u00e0 son essuie-verres dot\u00e9 d'un rev\u00eatement hydrophile ANTI-BU\u00c9E innovant.<\/span><\/p>\n<p>L'essuie verres est id\u00e9al en toute circonstance : lorsque vous travaillez, bricolez, faites du sport et surtout lorsque vous portez un masque respiratoire.<\/span><\/div>\n<div><\/div>\n<div>Facile et rapide d'utilisation, la microfibre anti-bu\u00e9e Varionet prot\u00e8ge durablement vos verres pendant 8H-12H, et est r\u00e9utilisable jusqu'\u00e0 300 fois. Donc tr\u00e8s \u00c9conomique !<\/p>\n<p>Et son prix en fait une solution tr\u00e8s \u00e9conomique<\/p>\n<\/p>\n<p>Sans PFOA et certifi\u00e9 REACH, l'essuie-verres Varionet respecte les stricte exigences sanitaires et environnementales europ\u00e9ennes.<\/p>\n<\/div>\n<p>[\/et_pb_text][et_pb_text _builder_version=&#8221;4.16&#8243; custom_margin=&#8221;||0px|||&#8221; global_colors_info=&#8221;{}&#8221;]<\/p>\n<h4>MULTI-USAGES :<\/h4>\n<p>[\/et_pb_text][et_pb_image src=&#8221;https:\/\/bvi-varionet.com\/wp-content\/uploads\/2020\/11\/picto-anti-bu\u00e9e.png&#8221; _builder_version=&#8221;4.16&#8243; global_colors_info=&#8221;{}&#8221;][\/et_pb_image][et_pb_text _builder_version=&#8221;4.16&#8243; custom_margin=&#8221;||0px|||&#8221; global_colors_info=&#8221;{}&#8221;]<\/p>\n<h4>MODE D'EMPLOI :<\/h4>\n<p>[\/et_pb_text][et_pb_text _builder_version=&#8221;4.16&#8243; global_colors_info=&#8221;{}&#8221;]<\/p>\n<p>-  Nettoyer et s\u00e9cher la surface \u00e0 traiter \u00e0 l'aide d'un spray nettoyant et une lingette<\/p>\n<p>- Essuyer la surface avec la microfibre anti-bu\u00e9e Varionet<\/p>\n<p>\u2013 <span style=\"color: #ff2a00;\"><strong>NE JAMAIS LAVER OU HUMIDIFIER LA MICROFIBRE<\/strong><br \/> <\/span><\/p>\n<p>-  Ranger syst\u00e9matiquement l'essuie-verres dans dans son \u00e9tui d'origine apr\u00e8s chaque utilisation afin de conserver ses propri\u00e9t\u00e9s hydrophiles<\/p>\n<p>- Efficacit\u00e9 : 8h-12h par utilisation<\/p>\n<p>[\/et_pb_text][et_pb_text _builder_version=&#8221;4.16&#8243; custom_margin=&#8221;||0px|||&#8221; global_colors_info=&#8221;{}&#8221;]<\/p>\n<h4>CONTENU :<\/h4>\n<p>[\/et_pb_text][et_pb_text _builder_version=&#8221;4.16&#8243; global_colors_info=&#8221;{}&#8221;]<\/p>\n<p>- 1 essuie-verres de 15x18cm<\/p>\n<p>- 1 \u00e9tui de rangement avec fermoir pression<span style=\"color: #888888;\" color=\"#888888\"><\/span><\/p>\n<p>[\/et_pb_text][\/et_pb_column_inner][\/et_pb_row_inner][\/et_pb_column][\/et_pb_section][et_pb_section fb_built=&#8221;1&#8243; _builder_version=&#8221;4.16&#8243; global_colors_info=&#8221;{}&#8221;][et_pb_row _builder_version=&#8221;4.16&#8243; global_colors_info=&#8221;{}&#8221;][et_pb_column type=&#8221;4_4&#8243; _builder_version=&#8221;4.16&#8243; custom_padding=&#8221;|||&#8221; global_colors_info=&#8221;{}&#8221; custom_padding__hover=&#8221;|||&#8221;][et_pb_contact_form email=&#8221;contact@bvi-varionet.com&#8221; title=&#8221;fed up with fogged-up glasses ? Contact us :&#8221; custom_message=&#8221;Nouveau message de %%Name%%||et_pb_line_break_holder||Entreprise : %%Company%%||et_pb_line_break_holder||Email : %%Email%%||et_pb_line_break_holder||Message : %%Message%%&#8221; success_message=&#8221;Congratulations, your message has been sent!&#8221; submit_button_text=&#8221;SEND&#8221; admin_label=&#8221;Contact form&#8221; module_id=&#8221;et_pb_contact_form_0&#8243; _builder_version=&#8221;4.27.4&#8243; _unique_id=&#8221;fb8602cd-c29c-4c87-bd0d-87031e7aa4c6&#8243; title_font=&#8221;|800||||on|||&#8221; title_text_align=&#8221;center&#8221; title_text_color=&#8221;RGBA(255,255,255,0)&#8221; form_field_font=&#8221;||||||||&#8221; button_border_color=&#8221;#FFFFFF&#8221; text_orientation=&#8221;left&#8221; link_option_url=&#8221;href=%22https:\/\/bvi-varionet.com\/product-stands\/%22&#8243; hover_enabled=&#8221;0&#8243; box_shadow_style_button=&#8221;preset2&#8243; box_shadow_spread_button=&#8221;-6px&#8221; text_shadow_style=&#8221;preset3&#8243; text_shadow_blur_strength=&#8221;0.05em&#8221; global_module=&#8221;3596&#8243; saved_tabs=&#8221;all&#8221; locked=&#8221;off&#8221; global_colors_info=&#8221;{}&#8221; sticky_enabled=&#8221;0&#8243;][et_pb_contact_field field_id=&#8221;Name&#8221; field_title=&#8221;Name&#8221; _builder_version=&#8221;4.27.4&#8243; form_field_font=&#8221;||||||||&#8221; text_orientation=&#8221;left&#8221; link_option_url=&#8221;href=%22https:\/\/bvi-varionet.com\/product-stands\/%22&#8243; box_shadow_style=&#8221;preset6&#8243; box_shadow_blur=&#8221;5px&#8221; global_colors_info=&#8221;{}&#8221; button_text_size__hover_enabled=&#8221;off&#8221; button_one_text_size__hover_enabled=&#8221;off&#8221; button_two_text_size__hover_enabled=&#8221;off&#8221; button_text_color__hover_enabled=&#8221;off&#8221; button_one_text_color__hover_enabled=&#8221;off&#8221; button_two_text_color__hover_enabled=&#8221;off&#8221; button_border_width__hover_enabled=&#8221;off&#8221; button_one_border_width__hover_enabled=&#8221;off&#8221; button_two_border_width__hover_enabled=&#8221;off&#8221; button_border_color__hover_enabled=&#8221;off&#8221; button_one_border_color__hover_enabled=&#8221;off&#8221; button_two_border_color__hover_enabled=&#8221;off&#8221; button_border_radius__hover_enabled=&#8221;off&#8221; button_one_border_radius__hover_enabled=&#8221;off&#8221; button_two_border_radius__hover_enabled=&#8221;off&#8221; button_letter_spacing__hover_enabled=&#8221;off&#8221; button_one_letter_spacing__hover_enabled=&#8221;off&#8221; button_two_letter_spacing__hover_enabled=&#8221;off&#8221; button_bg_color__hover_enabled=&#8221;off&#8221; button_one_bg_color__hover_enabled=&#8221;off&#8221; button_two_bg_color__hover_enabled=&#8221;off&#8221;][\/et_pb_contact_field][et_pb_contact_field field_id=&#8221;Email&#8221; field_title=&#8221;E-mail&#8221; field_type=&#8221;email&#8221; _builder_version=&#8221;4.27.4&#8243; link_option_url=&#8221;href=%22https:\/\/bvi-varionet.com\/product-stands\/%22&#8243; box_shadow_style=&#8221;preset6&#8243; box_shadow_blur=&#8221;5px&#8221; global_colors_info=&#8221;{}&#8221; button_text_size__hover_enabled=&#8221;off&#8221; button_one_text_size__hover_enabled=&#8221;off&#8221; button_two_text_size__hover_enabled=&#8221;off&#8221; button_text_color__hover_enabled=&#8221;off&#8221; button_one_text_color__hover_enabled=&#8221;off&#8221; button_two_text_color__hover_enabled=&#8221;off&#8221; button_border_width__hover_enabled=&#8221;off&#8221; button_one_border_width__hover_enabled=&#8221;off&#8221; button_two_border_width__hover_enabled=&#8221;off&#8221; button_border_color__hover_enabled=&#8221;off&#8221; button_one_border_color__hover_enabled=&#8221;off&#8221; button_two_border_color__hover_enabled=&#8221;off&#8221; button_border_radius__hover_enabled=&#8221;off&#8221; button_one_border_radius__hover_enabled=&#8221;off&#8221; button_two_border_radius__hover_enabled=&#8221;off&#8221; button_letter_spacing__hover_enabled=&#8221;off&#8221; button_one_letter_spacing__hover_enabled=&#8221;off&#8221; button_two_letter_spacing__hover_enabled=&#8221;off&#8221; button_bg_color__hover_enabled=&#8221;off&#8221; button_one_bg_color__hover_enabled=&#8221;off&#8221; button_two_bg_color__hover_enabled=&#8221;off&#8221;][\/et_pb_contact_field][et_pb_contact_field field_id=&#8221;Company&#8221; field_title=&#8221;Company&#8221; fullwidth_field=&#8221;on&#8221; _builder_version=&#8221;4.27.4&#8243; global_colors_info=&#8221;{}&#8221;][\/et_pb_contact_field][et_pb_contact_field field_id=&#8221;Message&#8221; field_title=&#8221;Message&#8221; field_type=&#8221;text&#8221; fullwidth_field=&#8221;on&#8221; _builder_version=&#8221;4.27.4&#8243; link_option_url=&#8221;href=%22https:\/\/bvi-varionet.com\/product-stands\/%22&#8243; box_shadow_style=&#8221;preset6&#8243; box_shadow_blur=&#8221;5px&#8221; global_colors_info=&#8221;{}&#8221; button_text_size__hover_enabled=&#8221;off&#8221; button_one_text_size__hover_enabled=&#8221;off&#8221; button_two_text_size__hover_enabled=&#8221;off&#8221; button_text_color__hover_enabled=&#8221;off&#8221; button_one_text_color__hover_enabled=&#8221;off&#8221; button_two_text_color__hover_enabled=&#8221;off&#8221; button_border_width__hover_enabled=&#8221;off&#8221; button_one_border_width__hover_enabled=&#8221;off&#8221; button_two_border_width__hover_enabled=&#8221;off&#8221; button_border_color__hover_enabled=&#8221;off&#8221; button_one_border_color__hover_enabled=&#8221;off&#8221; button_two_border_color__hover_enabled=&#8221;off&#8221; button_border_radius__hover_enabled=&#8221;off&#8221; button_one_border_radius__hover_enabled=&#8221;off&#8221; button_two_border_radius__hover_enabled=&#8221;off&#8221; button_letter_spacing__hover_enabled=&#8221;off&#8221; button_one_letter_spacing__hover_enabled=&#8221;off&#8221; button_two_letter_spacing__hover_enabled=&#8221;off&#8221; button_bg_color__hover_enabled=&#8221;off&#8221; button_one_bg_color__hover_enabled=&#8221;off&#8221; button_two_bg_color__hover_enabled=&#8221;off&#8221;][\/et_pb_contact_field][\/et_pb_contact_form][\/et_pb_column][\/et_pb_row][\/et_pb_section]<\/p>","protected":false},"excerpt":{"rendered":"<p>&nbsp; For effective and durable protection of lenses, visors and other optical surfaces against fogging.Watch our video : <div style=\"width: 1080px;\" class=\"wp-video\"><video class=\"wp-video-shortcode\" id=\"video-3220-3\" width=\"1080\" height=\"608\" preload=\"metadata\" controls=\"controls\"><source type=\"video\/mp4\" src=\"https:\/\/bvi-varionet.com\/wp-content\/uploads\/2020\/11\/Anti-Fog_Cloth_Varionet_SST_EN_V1.mp4?_=3\" \/><a href=\"https:\/\/bvi-varionet.com\/wp-content\/uploads\/2020\/11\/Anti-Fog_Cloth_Varionet_SST_EN_V1.mp4\">https:\/\/bvi-varionet.com\/wp-content\/uploads\/2020\/11\/Anti-Fog_Cloth_Varionet_SST_EN_V1.mp4<\/a><\/video><\/div>Regardez notre vid\u00e9o : <div style=\"width: 1080px;\" class=\"wp-video\"><video class=\"wp-video-shortcode\" id=\"video-3220-4\" width=\"1080\" height=\"608\" preload=\"metadata\" controls=\"controls\"><source type=\"video\/mp4\" src=\"https:\/\/bvi-varionet.com\/wp-content\/uploads\/2020\/11\/Essuie-Verres-anti-bu\u00e9e_Varionet_SST_FR_V1.mp4?_=4\" \/><a href=\"https:\/\/bvi-varionet.com\/wp-content\/uploads\/2020\/11\/Essuie-Verres-anti-bu\u00e9e_Varionet_SST_FR_V1.mp4\">https:\/\/bvi-varionet.com\/wp-content\/uploads\/2020\/11\/Essuie-Verres-anti-bu\u00e9e_Varionet_SST_FR_V1.mp4<\/a><\/video><\/div>FED UP WITH FOGGED-UP GLASSES? Varionet has solved the discomfort caused by fog on your eyeglasses, sunglasses, visors, googles etc&#8230; by developing a microfiber cloth saturated with [&hellip;]<\/p>","protected":false},"author":1,"featured_media":0,"parent":0,"menu_order":0,"comment_status":"closed","ping_status":"closed","template":"","meta":{"_et_pb_use_builder":"on","_et_pb_old_content":"<!-- wp:paragraph -->\n<p>L'<strong>essuie-verres anti-bu\u00e9e en microfibre&nbsp;High-Tech VARIONET<\/strong> a \u00e9t\u00e9 sp\u00e9cialement con\u00e7u pour <strong>\u00e9viter l'apparition de bu\u00e9e sur tous les types de verres<\/strong>. Lingette antibu\u00e9e Premium haute qualit\u00e9 gr\u00e2ce \u00e0 sa formule non abrasive et tr\u00e8s douce pour les diff\u00e9rentes surfaces.<\/p>\n<!-- \/wp:paragraph -->\n\n<!-- wp:paragraph -->\n<p>Id\u00e9al pour un confort visuel optimal tout au long de la journ\u00e9e avec <strong>8h \u00e0 12h d'efficacit\u00e9<\/strong>&nbsp;<strong>surtout&nbsp;lorsque vous portez un masque en plus de vos lunettes<\/strong>.<\/p>\n<!-- \/wp:paragraph -->\n\n<!-- wp:paragraph -->\n<p>Ne laisse pas de peluches ou de traces apr\u00e8s utilisation et sans risques pour les diff\u00e9rents traitements antireflets.<\/p>\n<!-- \/wp:paragraph -->","_et_gb_content_width":"","footnotes":""},"class_list":["post-3220","page","type-page","status-publish","hentry"],"_links":{"self":[{"href":"https:\/\/bvi-varionet.com\/fr\/wp-json\/wp\/v2\/pages\/3220","targetHints":{"allow":["GET"]}}],"collection":[{"href":"https:\/\/bvi-varionet.com\/fr\/wp-json\/wp\/v2\/pages"}],"about":[{"href":"https:\/\/bvi-varionet.com\/fr\/wp-json\/wp\/v2\/types\/page"}],"author":[{"embeddable":true,"href":"https:\/\/bvi-varionet.com\/fr\/wp-json\/wp\/v2\/users\/1"}],"replies":[{"embeddable":true,"href":"https:\/\/bvi-varionet.com\/fr\/wp-json\/wp\/v2\/comments?post=3220"}],"version-history":[{"count":41,"href":"https:\/\/bvi-varionet.com\/fr\/wp-json\/wp\/v2\/pages\/3220\/revisions"}],"predecessor-version":[{"id":3617,"href":"https:\/\/bvi-varionet.com\/fr\/wp-json\/wp\/v2\/pages\/3220\/revisions\/3617"}],"wp:attachment":[{"href":"https:\/\/bvi-varionet.com\/fr\/wp-json\/wp\/v2\/media?parent=3220"}],"curies":[{"name":"wp","href":"https:\/\/api.w.org\/{rel}","templated":true}]}}