{"id":1165,"date":"2019-04-06T15:20:09","date_gmt":"2019-04-06T14:20:09","guid":{"rendered":"http:\/\/bvi-varionet.com\/?page_id=1165"},"modified":"2019-08-02T11:41:26","modified_gmt":"2019-08-02T10:41:26","slug":"about","status":"publish","type":"page","link":"https:\/\/bvi-varionet.com\/fr\/about\/","title":{"rendered":"\u00c0 PROPOS DE NOUS"},"content":{"rendered":"<p>[et_pb_section fb_built=&#8221;1&#8243; fullwidth=&#8221;on&#8221; _builder_version=&#8221;3.23.3&#8243; custom_padding=&#8221;0|0px|0|0px|false|false&#8221;][et_pb_fullwidth_header title=&#8221;ABOUT BEST VISION INTERNATIONAL&#8221; text_orientation=&#8221;center&#8221; header_fullscreen=&#8221;on&#8221; background_overlay_color=&#8221;rgba(0,0,0,0.5)&#8221; _builder_version=&#8221;3.25.4&#8243; title_font=&#8221;|600|||||||&#8221; title_text_align=&#8221;center&#8221; background_color=&#8221;#000000&#8243; background_image=&#8221;https:\/\/bvi-varionet.com\/wp-content\/uploads\/2019\/08\/About_us.jpg&#8221;]<\/p>\n<p style=\"text-align: center;\">Best Vision International, fabricant de verres et de montures, peut se pr\u00e9valoir d\u2019une grande exp\u00e9rience dans le domaine des lunettes de protection pour le bricolage et la jardinage gr\u00e2ce \u00e0 son produit Varionet Safety.<\/p>\n<p style=\"text-align: center;\" class=\"translation-block\">Nous concevons et fabriquons des lunettes de protection qui sont commercialis\u00e9es dans plus de 40 pays.<\/p>\n<p style=\"text-align: center;\" class=\"translation-block\">Notre expertise nous permet de nous rapprocher au plus pr\u00e8s des <strong> besoins des utilisateurs.<\/strong><br> Notre r\u00e9seau a une <strong>envergure mondiale<\/strong>, BVI reste anim\u00e9e par une petite \u00e9quipe offrant une grande r\u00e9activit\u00e9.<br> Nous voulons partager notre savoir-faire pour une meilleure protection oculaire: <em><strong>\"Une vision intelligente pour une vie meilleure\" <\/em><\/strong>est l'objet de notre mission.<\/p>\n<p style=\"text-align: center;\" class=\"translation-block\">Notre <strong>philosophie<\/strong> est d'anticiper les besoins futurs en <strong>protection oculaire<\/strong>, en termes de <strong>pr\u00e9vention et d'ergonomie au travail.<strong \/><\/p>\n<p>[\/et_pb_fullwidth_header][\/et_pb_section]<\/p>","protected":false},"excerpt":{"rendered":"<p>Best Vision International has provided its expertise in the field of protective eyewear with its Varionet Safety Range, rapidity adopted by DIY and gardening enthusiasts alike. We distribute safety glasses in nearly 40 countries. Our expertise is exported closer to the needs of users. Despite boasting\u00a0global scale\u00a0, BVI remains a small sized , powered by [&hellip;]<\/p>","protected":false},"author":1,"featured_media":0,"parent":0,"menu_order":0,"comment_status":"closed","ping_status":"closed","template":"","meta":{"_et_pb_use_builder":"on","_et_pb_old_content":"","_et_gb_content_width":"","footnotes":""},"class_list":["post-1165","page","type-page","status-publish","hentry"],"_links":{"self":[{"href":"https:\/\/bvi-varionet.com\/fr\/wp-json\/wp\/v2\/pages\/1165","targetHints":{"allow":["GET"]}}],"collection":[{"href":"https:\/\/bvi-varionet.com\/fr\/wp-json\/wp\/v2\/pages"}],"about":[{"href":"https:\/\/bvi-varionet.com\/fr\/wp-json\/wp\/v2\/types\/page"}],"author":[{"embeddable":true,"href":"https:\/\/bvi-varionet.com\/fr\/wp-json\/wp\/v2\/users\/1"}],"replies":[{"embeddable":true,"href":"https:\/\/bvi-varionet.com\/fr\/wp-json\/wp\/v2\/comments?post=1165"}],"version-history":[{"count":1,"href":"https:\/\/bvi-varionet.com\/fr\/wp-json\/wp\/v2\/pages\/1165\/revisions"}],"predecessor-version":[{"id":2877,"href":"https:\/\/bvi-varionet.com\/fr\/wp-json\/wp\/v2\/pages\/1165\/revisions\/2877"}],"wp:attachment":[{"href":"https:\/\/bvi-varionet.com\/fr\/wp-json\/wp\/v2\/media?parent=1165"}],"curies":[{"name":"wp","href":"https:\/\/api.w.org\/{rel}","templated":true}]}}